{"id":36070,"date":"2025-04-01T09:32:47","date_gmt":"2025-04-01T14:32:47","guid":{"rendered":"https:\/\/c3.qroo.gob.mx\/homologacion\/?page_id=36070"},"modified":"2025-06-16T14:46:10","modified_gmt":"2025-06-16T19:46:10","slug":"acerca-del-centro","status":"publish","type":"page","link":"https:\/\/c3.qroo.gob.mx\/index.php\/acerca-del-centro\/","title":{"rendered":"Acerca del Centro"},"content":{"rendered":"\t\t<div data-elementor-type=\"wp-page\" data-elementor-id=\"36070\" class=\"elementor elementor-36070\">\n\t\t\t\t<div class=\"elementor-element elementor-element-3f53b081 e-con-full e-flex e-con e-parent\" data-id=\"3f53b081\" data-element_type=\"container\">\n\t\t\t\t<div class=\"elementor-element elementor-element-0e36776 elementor-widget elementor-widget-spacer\" data-id=\"0e36776\" data-element_type=\"widget\" data-widget_type=\"spacer.default\">\n\t\t\t\t<div class=\"elementor-widget-container\">\n\t\t\t\t\t<div class=\"elementor-spacer\">\n\t\t\t<div class=\"elementor-spacer-inner\"><\/div>\n\t\t<\/div>\n\t\t\t\t<\/div>\n\t\t\t\t<\/div>\n\t\t\t\t<div class=\"elementor-element elementor-element-49416ef elementor-widget elementor-widget-heading\" data-id=\"49416ef\" data-element_type=\"widget\" data-widget_type=\"heading.default\">\n\t\t\t\t<div class=\"elementor-widget-container\">\n\t\t\t<h2 class=\"elementor-heading-title elementor-size-default\"><span style=\"font-weight: 700\">Acerca del Centro<\/span><\/h2>\t\t<\/div>\n\t\t\t\t<\/div>\n\t\t\t\t<div class=\"elementor-element elementor-element-58fe159 elementor-widget elementor-widget-spacer\" data-id=\"58fe159\" data-element_type=\"widget\" data-widget_type=\"spacer.default\">\n\t\t\t\t<div class=\"elementor-widget-container\">\n\t\t\t\t\t<div class=\"elementor-spacer\">\n\t\t\t<div class=\"elementor-spacer-inner\"><\/div>\n\t\t<\/div>\n\t\t\t\t<\/div>\n\t\t\t\t<\/div>\n\t\t\t\t<div class=\"elementor-element elementor-element-338cbb2 elementor-widget elementor-widget-text-editor\" data-id=\"338cbb2\" data-element_type=\"widget\" data-widget_type=\"text-editor.default\">\n\t\t\t\t<div class=\"elementor-widget-container\">\n\t\t\t\t\t\t\t<p><!-- wp:paragraph {\"align\":\"center\"} --><\/p>\n<p class=\"has-text-align-center\" style=\"text-align: Justify;\">Somos un Centro especializado que garantiza un control eficiente en la aplicaci\u00f3n de evaluaciones dirigidas a los Servidores P\u00fablicos que laboran en las \u00e1reas de Seguridad P\u00fablica y Procuraci\u00f3n de Justicia, con el objetivo de fortalecer los niveles de confiabilidad, eficiencia, profesionalismo y apegado a la legalidad, mediante la aplicaci\u00f3n del proceso de control y confianza, con la finalidad de certificar a los elementos que cumplan con todos los requisitos que\u00a0 marca\u00a0 la\u00a0 ley.<\/p>\n<p><!-- \/wp:paragraph --><\/p>\n<p><!-- wp:image {\"id\":36285,\"width\":\"1118px\",\"height\":\"auto\",\"sizeSlug\":\"large\",\"linkDestination\":\"none\"} --><\/p>\n<figure class=\"wp-block-image size-large is-resized\"><img fetchpriority=\"high\" decoding=\"async\" width=\"1024\" height=\"405\" class=\"wp-image-36285 aligncenter\" style=\"width: 1118px; height: auto;\" src=\"https:\/\/c3.qroo.gob.mx\/\/wp-content\/uploads\/2025\/04\/C3-Chetumal-1024x405.jpg\" alt=\"\" srcset=\"https:\/\/c3.qroo.gob.mx\/wp-content\/uploads\/2025\/04\/C3-Chetumal-1024x405.jpg 1024w, https:\/\/c3.qroo.gob.mx\/wp-content\/uploads\/2025\/04\/C3-Chetumal-300x119.jpg 300w, https:\/\/c3.qroo.gob.mx\/wp-content\/uploads\/2025\/04\/C3-Chetumal-768x304.jpg 768w, https:\/\/c3.qroo.gob.mx\/wp-content\/uploads\/2025\/04\/C3-Chetumal.jpg 1261w\" sizes=\"(max-width: 1024px) 100vw, 1024px\" \/><\/figure>\n<p><!-- \/wp:image --><\/p>\n<p><!-- wp:gallery {\"linkTo\":\"none\"} --><\/p>\n<figure class=\"wp-block-gallery has-nested-images columns-default is-cropped\"><\/figure>\n<p><!-- \/wp:gallery --><\/p>\t\t\t\t\t\t<\/div>\n\t\t\t\t<\/div>\n\t\t\t\t<div class=\"elementor-element elementor-element-c9a63b2 elementor-widget elementor-widget-spacer\" data-id=\"c9a63b2\" data-element_type=\"widget\" data-widget_type=\"spacer.default\">\n\t\t\t\t<div class=\"elementor-widget-container\">\n\t\t\t\t\t<div class=\"elementor-spacer\">\n\t\t\t<div class=\"elementor-spacer-inner\"><\/div>\n\t\t<\/div>\n\t\t\t\t<\/div>\n\t\t\t\t<\/div>\n\t\t\t\t<div class=\"elementor-element elementor-element-44d3437 elementor-widget elementor-widget-spacer\" data-id=\"44d3437\" data-element_type=\"widget\" data-widget_type=\"spacer.default\">\n\t\t\t\t<div class=\"elementor-widget-container\">\n\t\t\t\t\t<div class=\"elementor-spacer\">\n\t\t\t<div class=\"elementor-spacer-inner\"><\/div>\n\t\t<\/div>\n\t\t\t\t<\/div>\n\t\t\t\t<\/div>\n\t\t<div class=\"elementor-element elementor-element-d3a0d31 e-con-full e-flex e-con e-child\" data-id=\"d3a0d31\" data-element_type=\"container\">\n\t\t\t\t<div class=\"elementor-element elementor-element-5eb7509 elementor-widget elementor-widget-heading\" data-id=\"5eb7509\" data-element_type=\"widget\" data-widget_type=\"heading.default\">\n\t\t\t\t<div class=\"elementor-widget-container\">\n\t\t\t<h2 class=\"elementor-heading-title elementor-size-default\">\u00bfQu\u00e9 es el Centro Estatal de Evaluaci\u00f3n y Control de Confianza?<\/h2>\t\t<\/div>\n\t\t\t\t<\/div>\n\t\t\t\t<div class=\"elementor-element elementor-element-463993b elementor-widget elementor-widget-spacer\" data-id=\"463993b\" data-element_type=\"widget\" data-widget_type=\"spacer.default\">\n\t\t\t\t<div class=\"elementor-widget-container\">\n\t\t\t\t\t<div class=\"elementor-spacer\">\n\t\t\t<div class=\"elementor-spacer-inner\"><\/div>\n\t\t<\/div>\n\t\t\t\t<\/div>\n\t\t\t\t<\/div>\n\t\t\t\t<div class=\"elementor-element elementor-element-13dcced elementor-widget elementor-widget-text-editor\" data-id=\"13dcced\" data-element_type=\"widget\" data-widget_type=\"text-editor.default\">\n\t\t\t\t<div class=\"elementor-widget-container\">\n\t\t\t\t\t\t\t<div>\n<div style=\"text-align: Justify;\">Es un Organismo P\u00fablico Desconcentrado con personalidad jur\u00eddica y patrimonio propio, sectorizada de la Secretar\u00eda de Seguridad P\u00fablica que tiene la facultad de realizar las evaluaciones de control y confianza, y est\u00e1 bajo la normatividad del Centro Nacional de Certificaci\u00f3n y Acreditaci\u00f3n.<\/div>\n<\/div>\t\t\t\t\t\t<\/div>\n\t\t\t\t<\/div>\n\t\t\t\t<div class=\"elementor-element elementor-element-32ef51a elementor-widget elementor-widget-spacer\" data-id=\"32ef51a\" data-element_type=\"widget\" data-widget_type=\"spacer.default\">\n\t\t\t\t<div class=\"elementor-widget-container\">\n\t\t\t\t\t<div class=\"elementor-spacer\">\n\t\t\t<div class=\"elementor-spacer-inner\"><\/div>\n\t\t<\/div>\n\t\t\t\t<\/div>\n\t\t\t\t<\/div>\n\t\t\t\t<div class=\"elementor-element elementor-element-b252be9 elementor-widget elementor-widget-heading\" data-id=\"b252be9\" data-element_type=\"widget\" data-widget_type=\"heading.default\">\n\t\t\t\t<div class=\"elementor-widget-container\">\n\t\t\t<h2 class=\"elementor-heading-title elementor-size-default\">\u00bfCu\u00e1les son las funciones del Centro Estatal de Evaluaci\u00f3n y Control de Confianza?<\/h2>\t\t<\/div>\n\t\t\t\t<\/div>\n\t\t\t\t<div class=\"elementor-element elementor-element-9d47889 elementor-widget elementor-widget-spacer\" data-id=\"9d47889\" data-element_type=\"widget\" data-widget_type=\"spacer.default\">\n\t\t\t\t<div class=\"elementor-widget-container\">\n\t\t\t\t\t<div class=\"elementor-spacer\">\n\t\t\t<div class=\"elementor-spacer-inner\"><\/div>\n\t\t<\/div>\n\t\t\t\t<\/div>\n\t\t\t\t<\/div>\n\t\t\t\t<div class=\"elementor-element elementor-element-c41f7ce elementor-widget elementor-widget-text-editor\" data-id=\"c41f7ce\" data-element_type=\"widget\" data-widget_type=\"text-editor.default\">\n\t\t\t\t<div class=\"elementor-widget-container\">\n\t\t\t\t\t\t\t<div style=\"text-align: Justify;\">\n<div>\n<div>Fortalecer a las Instituciones de Seguridad P\u00fablica y de Procuraci\u00f3n de Justicia del Estado con los elementos confiables y certificados, mediante un sistema de evaluaci\u00f3n de control y confianza realizada por el personal certificado.<\/div>\n<\/div>\n<\/div>\t\t\t\t\t\t<\/div>\n\t\t\t\t<\/div>\n\t\t\t\t<div class=\"elementor-element elementor-element-84485e3 elementor-widget elementor-widget-spacer\" data-id=\"84485e3\" data-element_type=\"widget\" data-widget_type=\"spacer.default\">\n\t\t\t\t<div class=\"elementor-widget-container\">\n\t\t\t\t\t<div class=\"elementor-spacer\">\n\t\t\t<div class=\"elementor-spacer-inner\"><\/div>\n\t\t<\/div>\n\t\t\t\t<\/div>\n\t\t\t\t<\/div>\n\t\t\t\t<div class=\"elementor-element elementor-element-a6b15b0 elementor-widget elementor-widget-heading\" data-id=\"a6b15b0\" data-element_type=\"widget\" data-widget_type=\"heading.default\">\n\t\t\t\t<div class=\"elementor-widget-container\">\n\t\t\t<h2 class=\"elementor-heading-title elementor-size-default\">Certificado \u00danico Policial<\/h2>\t\t<\/div>\n\t\t\t\t<\/div>\n\t\t\t\t<div class=\"elementor-element elementor-element-1ad6277 elementor-widget elementor-widget-text-editor\" data-id=\"1ad6277\" data-element_type=\"widget\" data-widget_type=\"text-editor.default\">\n\t\t\t\t<div class=\"elementor-widget-container\">\n\t\t\t\t\t\t\t<div style=\"text-align: Justify;\">\n<div>\n<div>Es el documento que acredita a los polic\u00edas y oficiales de guardia y custodia del Sistema Penitenciario apto para ingresar o permanecer en las Instituciones de Seguridad P\u00fablica y que cuenten con los conocimientos, el perfil, las habilidades y las aptitudes necesarias para el rendimiento de su cargo.<\/div>\n<\/div>\n<\/div>\t\t\t\t\t\t<\/div>\n\t\t\t\t<\/div>\n\t\t\t\t<div class=\"elementor-element elementor-element-ea397e9 elementor-widget elementor-widget-spacer\" data-id=\"ea397e9\" data-element_type=\"widget\" data-widget_type=\"spacer.default\">\n\t\t\t\t<div class=\"elementor-widget-container\">\n\t\t\t\t\t<div class=\"elementor-spacer\">\n\t\t\t<div class=\"elementor-spacer-inner\"><\/div>\n\t\t<\/div>\n\t\t\t\t<\/div>\n\t\t\t\t<\/div>\n\t\t\t\t<\/div>\n\t\t\t\t<\/div>\n\t\t\t\t<\/div>\n\t\t","protected":false},"excerpt":{"rendered":"<p>Acerca del Centro Somos un Centro especializado que garantiza un control eficiente en la aplicaci\u00f3n de evaluaciones dirigidas a los Servidores P\u00fablicos que laboran en las \u00e1reas de Seguridad P\u00fablica y Procuraci\u00f3n de Justicia, con el objetivo de fortalecer los niveles de confiabilidad, eficiencia, profesionalismo y apegado a la legalidad, mediante la aplicaci\u00f3n del proceso &#8230; <a title=\"Acerca del Centro\" class=\"read-more\" href=\"https:\/\/c3.qroo.gob.mx\/index.php\/acerca-del-centro\/\" aria-label=\"Leer m\u00e1s sobre Acerca del Centro\">Leer m\u00e1s<\/a><\/p>\n","protected":false},"author":1,"featured_media":0,"parent":0,"menu_order":0,"comment_status":"closed","ping_status":"closed","template":"","meta":{"footnotes":""},"class_list":["post-36070","page","type-page","status-publish"],"yoast_head":"<!-- This site is optimized with the Yoast SEO plugin v23.6 - https:\/\/yoast.com\/wordpress\/plugins\/seo\/ -->\n<title>Acerca del Centro - C3<\/title>\n<meta name=\"robots\" content=\"index, follow, max-snippet:-1, max-image-preview:large, max-video-preview:-1\" \/>\n<link rel=\"canonical\" href=\"https:\/\/c3.qroo.gob.mx\/index.php\/acerca-del-centro\/\" \/>\n<meta property=\"og:locale\" content=\"es_MX\" \/>\n<meta property=\"og:type\" content=\"article\" \/>\n<meta property=\"og:title\" content=\"Acerca del Centro - C3\" \/>\n<meta property=\"og:description\" content=\"Acerca del Centro Somos un Centro especializado que garantiza un control eficiente en la aplicaci\u00f3n de evaluaciones dirigidas a los Servidores P\u00fablicos que laboran en las \u00e1reas de Seguridad P\u00fablica y Procuraci\u00f3n de Justicia, con el objetivo de fortalecer los niveles de confiabilidad, eficiencia, profesionalismo y apegado a la legalidad, mediante la aplicaci\u00f3n del proceso ... Leer m\u00e1s\" \/>\n<meta property=\"og:url\" content=\"https:\/\/c3.qroo.gob.mx\/index.php\/acerca-del-centro\/\" \/>\n<meta property=\"og:site_name\" content=\"C3\" \/>\n<meta property=\"article:modified_time\" content=\"2025-06-16T19:46:10+00:00\" \/>\n<meta property=\"og:image\" content=\"https:\/\/c3.qroo.gob.mx\/homologacion\/wp-content\/uploads\/2025\/04\/C3-Chetumal-1024x405.jpg\" \/>\n<meta name=\"twitter:card\" content=\"summary_large_image\" \/>\n<meta name=\"twitter:label1\" content=\"Tiempo de lectura\" \/>\n\t<meta name=\"twitter:data1\" content=\"2 minutos\" \/>\n<script type=\"application\/ld+json\" class=\"yoast-schema-graph\">{\"@context\":\"https:\/\/schema.org\",\"@graph\":[{\"@type\":\"WebPage\",\"@id\":\"https:\/\/c3.qroo.gob.mx\/index.php\/acerca-del-centro\/\",\"url\":\"https:\/\/c3.qroo.gob.mx\/index.php\/acerca-del-centro\/\",\"name\":\"Acerca del Centro - C3\",\"isPartOf\":{\"@id\":\"https:\/\/c3.qroo.gob.mx\/#website\"},\"primaryImageOfPage\":{\"@id\":\"https:\/\/c3.qroo.gob.mx\/index.php\/acerca-del-centro\/#primaryimage\"},\"image\":{\"@id\":\"https:\/\/c3.qroo.gob.mx\/index.php\/acerca-del-centro\/#primaryimage\"},\"thumbnailUrl\":\"https:\/\/c3.qroo.gob.mx\/homologacion\/wp-content\/uploads\/2025\/04\/C3-Chetumal-1024x405.jpg\",\"datePublished\":\"2025-04-01T14:32:47+00:00\",\"dateModified\":\"2025-06-16T19:46:10+00:00\",\"breadcrumb\":{\"@id\":\"https:\/\/c3.qroo.gob.mx\/index.php\/acerca-del-centro\/#breadcrumb\"},\"inLanguage\":\"es\",\"potentialAction\":[{\"@type\":\"ReadAction\",\"target\":[\"https:\/\/c3.qroo.gob.mx\/index.php\/acerca-del-centro\/\"]}]},{\"@type\":\"ImageObject\",\"inLanguage\":\"es\",\"@id\":\"https:\/\/c3.qroo.gob.mx\/index.php\/acerca-del-centro\/#primaryimage\",\"url\":\"https:\/\/c3.qroo.gob.mx\/wp-content\/uploads\/2025\/04\/C3-Chetumal.jpg\",\"contentUrl\":\"https:\/\/c3.qroo.gob.mx\/wp-content\/uploads\/2025\/04\/C3-Chetumal.jpg\",\"width\":1261,\"height\":499},{\"@type\":\"BreadcrumbList\",\"@id\":\"https:\/\/c3.qroo.gob.mx\/index.php\/acerca-del-centro\/#breadcrumb\",\"itemListElement\":[{\"@type\":\"ListItem\",\"position\":1,\"name\":\"Inicio\",\"item\":\"https:\/\/c3.qroo.gob.mx\/\"},{\"@type\":\"ListItem\",\"position\":2,\"name\":\"Acerca del Centro\"}]},{\"@type\":\"WebSite\",\"@id\":\"https:\/\/c3.qroo.gob.mx\/#website\",\"url\":\"https:\/\/c3.qroo.gob.mx\/\",\"name\":\"C3\",\"description\":\"\",\"publisher\":{\"@id\":\"https:\/\/c3.qroo.gob.mx\/#organization\"},\"potentialAction\":[{\"@type\":\"SearchAction\",\"target\":{\"@type\":\"EntryPoint\",\"urlTemplate\":\"https:\/\/c3.qroo.gob.mx\/?s={search_term_string}\"},\"query-input\":{\"@type\":\"PropertyValueSpecification\",\"valueRequired\":true,\"valueName\":\"search_term_string\"}}],\"inLanguage\":\"es\"},{\"@type\":\"Organization\",\"@id\":\"https:\/\/c3.qroo.gob.mx\/#organization\",\"name\":\"C3\",\"url\":\"https:\/\/c3.qroo.gob.mx\/\",\"logo\":{\"@type\":\"ImageObject\",\"inLanguage\":\"es\",\"@id\":\"https:\/\/c3.qroo.gob.mx\/#\/schema\/logo\/image\/\",\"url\":\"https:\/\/c3.qroo.gob.mx\/wp-content\/uploads\/2025\/04\/ESCUDO-Q-C3_.png\",\"contentUrl\":\"https:\/\/c3.qroo.gob.mx\/wp-content\/uploads\/2025\/04\/ESCUDO-Q-C3_.png\",\"width\":1349,\"height\":576,\"caption\":\"C3\"},\"image\":{\"@id\":\"https:\/\/c3.qroo.gob.mx\/#\/schema\/logo\/image\/\"}}]}<\/script>\n<!-- \/ Yoast SEO plugin. -->","yoast_head_json":{"title":"Acerca del Centro - C3","robots":{"index":"index","follow":"follow","max-snippet":"max-snippet:-1","max-image-preview":"max-image-preview:large","max-video-preview":"max-video-preview:-1"},"canonical":"https:\/\/c3.qroo.gob.mx\/index.php\/acerca-del-centro\/","og_locale":"es_MX","og_type":"article","og_title":"Acerca del Centro - C3","og_description":"Acerca del Centro Somos un Centro especializado que garantiza un control eficiente en la aplicaci\u00f3n de evaluaciones dirigidas a los Servidores P\u00fablicos que laboran en las \u00e1reas de Seguridad P\u00fablica y Procuraci\u00f3n de Justicia, con el objetivo de fortalecer los niveles de confiabilidad, eficiencia, profesionalismo y apegado a la legalidad, mediante la aplicaci\u00f3n del proceso ... Leer m\u00e1s","og_url":"https:\/\/c3.qroo.gob.mx\/index.php\/acerca-del-centro\/","og_site_name":"C3","article_modified_time":"2025-06-16T19:46:10+00:00","og_image":[{"url":"https:\/\/c3.qroo.gob.mx\/homologacion\/wp-content\/uploads\/2025\/04\/C3-Chetumal-1024x405.jpg"}],"twitter_card":"summary_large_image","twitter_misc":{"Tiempo de lectura":"2 minutos"},"schema":{"@context":"https:\/\/schema.org","@graph":[{"@type":"WebPage","@id":"https:\/\/c3.qroo.gob.mx\/index.php\/acerca-del-centro\/","url":"https:\/\/c3.qroo.gob.mx\/index.php\/acerca-del-centro\/","name":"Acerca del Centro - C3","isPartOf":{"@id":"https:\/\/c3.qroo.gob.mx\/#website"},"primaryImageOfPage":{"@id":"https:\/\/c3.qroo.gob.mx\/index.php\/acerca-del-centro\/#primaryimage"},"image":{"@id":"https:\/\/c3.qroo.gob.mx\/index.php\/acerca-del-centro\/#primaryimage"},"thumbnailUrl":"https:\/\/c3.qroo.gob.mx\/homologacion\/wp-content\/uploads\/2025\/04\/C3-Chetumal-1024x405.jpg","datePublished":"2025-04-01T14:32:47+00:00","dateModified":"2025-06-16T19:46:10+00:00","breadcrumb":{"@id":"https:\/\/c3.qroo.gob.mx\/index.php\/acerca-del-centro\/#breadcrumb"},"inLanguage":"es","potentialAction":[{"@type":"ReadAction","target":["https:\/\/c3.qroo.gob.mx\/index.php\/acerca-del-centro\/"]}]},{"@type":"ImageObject","inLanguage":"es","@id":"https:\/\/c3.qroo.gob.mx\/index.php\/acerca-del-centro\/#primaryimage","url":"https:\/\/c3.qroo.gob.mx\/wp-content\/uploads\/2025\/04\/C3-Chetumal.jpg","contentUrl":"https:\/\/c3.qroo.gob.mx\/wp-content\/uploads\/2025\/04\/C3-Chetumal.jpg","width":1261,"height":499},{"@type":"BreadcrumbList","@id":"https:\/\/c3.qroo.gob.mx\/index.php\/acerca-del-centro\/#breadcrumb","itemListElement":[{"@type":"ListItem","position":1,"name":"Inicio","item":"https:\/\/c3.qroo.gob.mx\/"},{"@type":"ListItem","position":2,"name":"Acerca del Centro"}]},{"@type":"WebSite","@id":"https:\/\/c3.qroo.gob.mx\/#website","url":"https:\/\/c3.qroo.gob.mx\/","name":"C3","description":"","publisher":{"@id":"https:\/\/c3.qroo.gob.mx\/#organization"},"potentialAction":[{"@type":"SearchAction","target":{"@type":"EntryPoint","urlTemplate":"https:\/\/c3.qroo.gob.mx\/?s={search_term_string}"},"query-input":{"@type":"PropertyValueSpecification","valueRequired":true,"valueName":"search_term_string"}}],"inLanguage":"es"},{"@type":"Organization","@id":"https:\/\/c3.qroo.gob.mx\/#organization","name":"C3","url":"https:\/\/c3.qroo.gob.mx\/","logo":{"@type":"ImageObject","inLanguage":"es","@id":"https:\/\/c3.qroo.gob.mx\/#\/schema\/logo\/image\/","url":"https:\/\/c3.qroo.gob.mx\/wp-content\/uploads\/2025\/04\/ESCUDO-Q-C3_.png","contentUrl":"https:\/\/c3.qroo.gob.mx\/wp-content\/uploads\/2025\/04\/ESCUDO-Q-C3_.png","width":1349,"height":576,"caption":"C3"},"image":{"@id":"https:\/\/c3.qroo.gob.mx\/#\/schema\/logo\/image\/"}}]}},"_links":{"self":[{"href":"https:\/\/c3.qroo.gob.mx\/index.php\/wp-json\/wp\/v2\/pages\/36070"}],"collection":[{"href":"https:\/\/c3.qroo.gob.mx\/index.php\/wp-json\/wp\/v2\/pages"}],"about":[{"href":"https:\/\/c3.qroo.gob.mx\/index.php\/wp-json\/wp\/v2\/types\/page"}],"author":[{"embeddable":true,"href":"https:\/\/c3.qroo.gob.mx\/index.php\/wp-json\/wp\/v2\/users\/1"}],"replies":[{"embeddable":true,"href":"https:\/\/c3.qroo.gob.mx\/index.php\/wp-json\/wp\/v2\/comments?post=36070"}],"version-history":[{"count":40,"href":"https:\/\/c3.qroo.gob.mx\/index.php\/wp-json\/wp\/v2\/pages\/36070\/revisions"}],"predecessor-version":[{"id":36859,"href":"https:\/\/c3.qroo.gob.mx\/index.php\/wp-json\/wp\/v2\/pages\/36070\/revisions\/36859"}],"wp:attachment":[{"href":"https:\/\/c3.qroo.gob.mx\/index.php\/wp-json\/wp\/v2\/media?parent=36070"}],"curies":[{"name":"wp","href":"https:\/\/api.w.org\/{rel}","templated":true}]}}