{"id":36090,"date":"2025-04-01T09:38:03","date_gmt":"2025-04-01T14:38:03","guid":{"rendered":"https:\/\/c3.qroo.gob.mx\/homologacion\/?page_id=36090"},"modified":"2025-08-08T16:02:32","modified_gmt":"2025-08-08T21:02:32","slug":"mision","status":"publish","type":"page","link":"https:\/\/c3.qroo.gob.mx\/index.php\/mision\/","title":{"rendered":"Misi\u00f3n"},"content":{"rendered":"\t\t<div data-elementor-type=\"wp-page\" data-elementor-id=\"36090\" class=\"elementor elementor-36090\">\n\t\t\t\t<div class=\"elementor-element elementor-element-f7bc57c e-flex e-con-boxed e-con e-parent\" data-id=\"f7bc57c\" data-element_type=\"container\">\n\t\t\t\t\t<div class=\"e-con-inner\">\n\t\t\t\t<div class=\"elementor-element elementor-element-fdcb739 elementor-widget elementor-widget-spacer\" data-id=\"fdcb739\" data-element_type=\"widget\" data-widget_type=\"spacer.default\">\n\t\t\t\t<div class=\"elementor-widget-container\">\n\t\t\t\t\t<div class=\"elementor-spacer\">\n\t\t\t<div class=\"elementor-spacer-inner\"><\/div>\n\t\t<\/div>\n\t\t\t\t<\/div>\n\t\t\t\t<\/div>\n\t\t\t\t<div class=\"elementor-element elementor-element-c0fbe90 elementor-widget elementor-widget-heading\" data-id=\"c0fbe90\" data-element_type=\"widget\" data-widget_type=\"heading.default\">\n\t\t\t\t<div class=\"elementor-widget-container\">\n\t\t\t<h2 class=\"elementor-heading-title elementor-size-default\"><span style=\"font-weight: 700\">Visi\u00f3n, Misi\u00f3n y Objetivos<\/span><\/h2>\t\t<\/div>\n\t\t\t\t<\/div>\n\t\t\t\t\t<\/div>\n\t\t\t\t<\/div>\n\t\t<div class=\"elementor-element elementor-element-0bcc0c0 e-flex e-con-boxed e-con e-parent\" data-id=\"0bcc0c0\" data-element_type=\"container\">\n\t\t\t\t\t<div class=\"e-con-inner\">\n\t\t\t\t<div class=\"elementor-element elementor-element-c59ed3d elementor-widget elementor-widget-spacer\" data-id=\"c59ed3d\" data-element_type=\"widget\" data-widget_type=\"spacer.default\">\n\t\t\t\t<div class=\"elementor-widget-container\">\n\t\t\t\t\t<div class=\"elementor-spacer\">\n\t\t\t<div class=\"elementor-spacer-inner\"><\/div>\n\t\t<\/div>\n\t\t\t\t<\/div>\n\t\t\t\t<\/div>\n\t\t<div class=\"elementor-element elementor-element-6fac60e e-grid e-con-full e-con e-child\" data-id=\"6fac60e\" data-element_type=\"container\" data-settings=\"{&quot;shape_divider_top&quot;:&quot;curve&quot;,&quot;shape_divider_top_negative&quot;:&quot;yes&quot;,&quot;shape_divider_bottom&quot;:&quot;curve&quot;,&quot;shape_divider_bottom_negative&quot;:&quot;yes&quot;}\">\n\t\t\t\t<div class=\"elementor-shape elementor-shape-top\" data-negative=\"true\">\n\t\t\t<svg xmlns=\"http:\/\/www.w3.org\/2000\/svg\" viewBox=\"0 0 1000 100\" preserveAspectRatio=\"none\">\n\t<path class=\"elementor-shape-fill\" d=\"M500,97C126.7,96.3,0.8,19.8,0,0v100l1000,0V1C1000,19.4,873.3,97.8,500,97z\"\/>\n<\/svg>\t\t<\/div>\n\t\t\t\t<div class=\"elementor-shape elementor-shape-bottom\" data-negative=\"true\">\n\t\t\t<svg xmlns=\"http:\/\/www.w3.org\/2000\/svg\" viewBox=\"0 0 1000 100\" preserveAspectRatio=\"none\">\n\t<path class=\"elementor-shape-fill\" d=\"M500,97C126.7,96.3,0.8,19.8,0,0v100l1000,0V1C1000,19.4,873.3,97.8,500,97z\"\/>\n<\/svg>\t\t<\/div>\n\t\t\t\t<div class=\"elementor-element elementor-element-aba8e3f elementor-widget elementor-widget-image\" data-id=\"aba8e3f\" data-element_type=\"widget\" data-widget_type=\"image.default\">\n\t\t\t\t<div class=\"elementor-widget-container\">\n\t\t\t\t\t\t\t\t\t\t\t\t\t<img fetchpriority=\"high\" decoding=\"async\" width=\"1205\" height=\"1150\" src=\"https:\/\/c3.qroo.gob.mx\/wp-content\/uploads\/2025\/06\/vision1.png\" class=\"attachment-full size-full wp-image-36876\" alt=\"\" srcset=\"https:\/\/c3.qroo.gob.mx\/wp-content\/uploads\/2025\/06\/vision1.png 1205w, https:\/\/c3.qroo.gob.mx\/wp-content\/uploads\/2025\/06\/vision1-300x286.png 300w, https:\/\/c3.qroo.gob.mx\/wp-content\/uploads\/2025\/06\/vision1-1024x977.png 1024w, https:\/\/c3.qroo.gob.mx\/wp-content\/uploads\/2025\/06\/vision1-768x733.png 768w\" sizes=\"(max-width: 1205px) 100vw, 1205px\" \/>\t\t\t\t\t\t\t\t\t\t\t\t\t<\/div>\n\t\t\t\t<\/div>\n\t\t\t\t<div class=\"elementor-element elementor-element-29c5573 elementor-widget__width-inherit elementor-widget elementor-widget-eael-fancy-text\" data-id=\"29c5573\" data-element_type=\"widget\" data-widget_type=\"eael-fancy-text.default\">\n\t\t\t\t<div class=\"elementor-widget-container\">\n\t\t\t\n\t<div  class=\"eael-fancy-text-container style-1\" data-fancy-text-id=\"29c5573\" data-fancy-text=\"|principios rectores de legalidad, \u00e9tica, profesionalismo y respeto a los derechos humanos.\" data-fancy-text-transition-type=\"typing\" data-fancy-text-speed=\"40\" data-fancy-text-delay=\"2505\" data-fancy-text-cursor=\"yes\" data-fancy-text-loop=\"\" >\n\t\t\t\t\t<span class=\"eael-fancy-text-prefix\">Ser un organismo estatal de referencia nacional, reconocido por la solidez, transparencia y calidad de sus evaluaciones de control de confianza, y por su contribuci\u00f3n continua al fortalecimiento de las instituciones de seguridad y procuraci\u00f3n de justicia en Quintana Roo, regido bajo los  <\/span>\n\t\t\n\t\t\n\t\t\t\t\t<span id=\"eael-fancy-text-29c5573\" class=\"eael-fancy-text-strings solid-color\">\n\t\t\t\t<noscript>\n\t\t\t\t\tprincipios rectores de legalidad, \u00e9tica, profesionalismo y respeto a los derechos humanos.\t\t\t\t<\/noscript>\n\t\t\t<\/span>\n\t\t\n\t\t\t<\/div><!-- close .eael-fancy-text-container -->\n\n\t<div class=\"clearfix\"><\/div>\n\n\t\t\t<\/div>\n\t\t\t\t<\/div>\n\t\t\t\t<div class=\"elementor-element elementor-element-40834a0 elementor-widget__width-inherit elementor-widget elementor-widget-eael-fancy-text\" data-id=\"40834a0\" data-element_type=\"widget\" data-widget_type=\"eael-fancy-text.default\">\n\t\t\t\t<div class=\"elementor-widget-container\">\n\t\t\t\n\t<div  class=\"eael-fancy-text-container style-1\" data-fancy-text-id=\"40834a0\" data-fancy-text=\"|m\u00e9dicas, toxicol\u00f3gicas, psicol\u00f3gicas, poligr\u00e1ficas y socioecon\u00f3micas,\" data-fancy-text-transition-type=\"typing\" data-fancy-text-speed=\"40\" data-fancy-text-delay=\"2505\" data-fancy-text-cursor=\"yes\" data-fancy-text-loop=\"\" >\n\t\t\t\t\t<span class=\"eael-fancy-text-prefix\">Garantizar la confiabilidad del personal de nuevo ingreso, promoci\u00f3n y permanencia en las instituciones de seguridad p\u00fablica, procuraci\u00f3n de justicia y municipios de Quintana Roo, mediante la realizaci\u00f3n constante de evaluaciones  <\/span>\n\t\t\n\t\t\n\t\t\t\t\t<span id=\"eael-fancy-text-40834a0\" class=\"eael-fancy-text-strings solid-color\">\n\t\t\t\t<noscript>\n\t\t\t\t\tm\u00e9dicas, toxicol\u00f3gicas, psicol\u00f3gicas, poligr\u00e1ficas y socioecon\u00f3micas\t\t\t\t<\/noscript>\n\t\t\t<\/span>\n\t\t\n\t\t\t\t\t<span class=\"eael-fancy-text-suffix\"> aplicadas con objetividad, eficiencia, profesionalismo, honradez y respeto irrestricto a los derechos humanos; as\u00ed como emitir el Certificado \u00danico Policial (CUP) a todos los servidores p\u00fablicos que acrediten los requisitos establecidos en la Ley General del  Sistema Nacional de Seguridad P\u00fablica.<\/span>\n\t\t\t<\/div><!-- close .eael-fancy-text-container -->\n\n\t<div class=\"clearfix\"><\/div>\n\n\t\t\t<\/div>\n\t\t\t\t<\/div>\n\t\t\t\t<div class=\"elementor-element elementor-element-c27a100 elementor-widget__width-auto elementor-widget elementor-widget-image\" data-id=\"c27a100\" data-element_type=\"widget\" data-widget_type=\"image.default\">\n\t\t\t\t<div class=\"elementor-widget-container\">\n\t\t\t\t\t\t\t\t\t\t\t\t\t<img decoding=\"async\" width=\"1205\" height=\"1150\" src=\"https:\/\/c3.qroo.gob.mx\/wp-content\/uploads\/2025\/06\/Mision.jpg\" class=\"attachment-full size-full wp-image-36840\" alt=\"\" srcset=\"https:\/\/c3.qroo.gob.mx\/wp-content\/uploads\/2025\/06\/Mision.jpg 1205w, https:\/\/c3.qroo.gob.mx\/wp-content\/uploads\/2025\/06\/Mision-300x286.jpg 300w, https:\/\/c3.qroo.gob.mx\/wp-content\/uploads\/2025\/06\/Mision-1024x977.jpg 1024w, https:\/\/c3.qroo.gob.mx\/wp-content\/uploads\/2025\/06\/Mision-768x733.jpg 768w\" sizes=\"(max-width: 1205px) 100vw, 1205px\" \/>\t\t\t\t\t\t\t\t\t\t\t\t\t<\/div>\n\t\t\t\t<\/div>\n\t\t\t\t<div class=\"elementor-element elementor-element-3dec88a elementor-widget elementor-widget-image\" data-id=\"3dec88a\" data-element_type=\"widget\" data-settings=\"{&quot;_animation&quot;:&quot;none&quot;}\" data-widget_type=\"image.default\">\n\t\t\t\t<div class=\"elementor-widget-container\">\n\t\t\t\t\t\t\t\t\t\t<figure class=\"wp-caption\">\n\t\t\t\t\t\t\t\t\t\t<img decoding=\"async\" width=\"1205\" height=\"1000\" src=\"https:\/\/c3.qroo.gob.mx\/wp-content\/uploads\/2025\/08\/objetivos-e1754679640656.png\" class=\"attachment-full size-full wp-image-37001\" alt=\"\" srcset=\"https:\/\/c3.qroo.gob.mx\/wp-content\/uploads\/2025\/08\/objetivos-e1754679640656.png 1205w, https:\/\/c3.qroo.gob.mx\/wp-content\/uploads\/2025\/08\/objetivos-e1754679640656-300x249.png 300w, https:\/\/c3.qroo.gob.mx\/wp-content\/uploads\/2025\/08\/objetivos-e1754679640656-1024x850.png 1024w, https:\/\/c3.qroo.gob.mx\/wp-content\/uploads\/2025\/08\/objetivos-e1754679640656-768x637.png 768w\" sizes=\"(max-width: 1205px) 100vw, 1205px\" \/>\t\t\t\t\t\t\t\t\t\t\t<figcaption class=\"widget-image-caption wp-caption-text\"><\/figcaption>\n\t\t\t\t\t\t\t\t\t\t<\/figure>\n\t\t\t\t\t\t\t<\/div>\n\t\t\t\t<\/div>\n\t\t\t\t<div class=\"elementor-element elementor-element-cf2e2d7 elementor-widget elementor-widget-text-editor\" data-id=\"cf2e2d7\" data-element_type=\"widget\" data-widget_type=\"text-editor.default\">\n\t\t\t\t<div class=\"elementor-widget-container\">\n\t\t\t\t\t\t\t<ol><li style=\"text-align: left;\"><strong>Evaluaci\u00f3n Integral:<\/strong> Ejecutar procesos de evaluaci\u00f3n certificados, alineados al Modelo Nacional, para ingreso, promoci\u00f3n, permanencia y emisi\u00f3n del Certificado \u00danico Policial.<\/li><li><strong>Profesionalizaci\u00f3n continua:<\/strong> Asegurar que el personal operativo est\u00e9 altamente capacitado y certificado por el CNCA.<\/li><li><strong>Transparencia y confianza:<\/strong> Operar con eficiencia, legalidad y \u00e9tica, ofreciendo resultados confiables que fortalezcan la percepci\u00f3n ciudadana y la coordinaci\u00f3n institucional.<\/li><li><strong>Mejora continua:<\/strong> Incorporar herramientas tecnol\u00f3gicas, procesos certificados y auditor\u00edas peri\u00f3dicas para optimizar la calidad de los servicios.<\/li><li><strong>Colaboraci\u00f3n interinstitucional:<\/strong> Establecer v\u00ednculos s\u00f3lidos con organismos federales, estatales, municipales y con la sociedad para construir capacidades de seguridad compartidas.<\/li><\/ol>\t\t\t\t\t\t<\/div>\n\t\t\t\t<\/div>\n\t\t\t\t<div class=\"elementor-element elementor-element-f009068 elementor-widget__width-inherit elementor-widget elementor-widget-eael-fancy-text\" data-id=\"f009068\" data-element_type=\"widget\" data-widget_type=\"eael-fancy-text.default\">\n\t\t\t\t<div class=\"elementor-widget-container\">\n\t\t\t\n\t<div  class=\"eael-fancy-text-container style-1\" data-fancy-text-id=\"f009068\" data-fancy-text=\"|el proceso de certificaci\u00f3n y expedici\u00f3n del Certificado,\" data-fancy-text-transition-type=\"typing\" data-fancy-text-speed=\"40\" data-fancy-text-delay=\"2505\" data-fancy-text-cursor=\"yes\" data-fancy-text-loop=\"\" >\n\t\t\t\t\t<span class=\"eael-fancy-text-prefix\">Tendr\u00e1 por objeto, la programaci\u00f3n y aplicaci\u00f3n de las evaluaciones de Control y Confianza, aplicables en los procesos de selecci\u00f3n de aspirantes, de nuevo ingreso, permanencia y promoci\u00f3n de los integrantes de Instituciones de Seguridad Ciudadana, Seguridad P\u00fablica y Seguridad Privada. As\u00ed mismo, tendr\u00e1 a su cargo <\/span>\n\t\t\n\t\t\n\t\t\t\t\t<span id=\"eael-fancy-text-f009068\" class=\"eael-fancy-text-strings solid-color\">\n\t\t\t\t<noscript>\n\t\t\t\t\tel proceso de certificaci\u00f3n y expedici\u00f3n del Certificado\t\t\t\t<\/noscript>\n\t\t\t<\/span>\n\t\t\n\t\t\t\t\t<span class=\"eael-fancy-text-suffix\"> as\u00ed como lo relacionado con las evaluaciones espec\u00edficas y\/o especiales, cuando resulten necesarias.<\/span>\n\t\t\t<\/div><!-- close .eael-fancy-text-container -->\n\n\t<div class=\"clearfix\"><\/div>\n\n\t\t\t<\/div>\n\t\t\t\t<\/div>\n\t\t\t\t<div class=\"elementor-element elementor-element-796144b elementor-widget elementor-widget-image\" data-id=\"796144b\" data-element_type=\"widget\" data-settings=\"{&quot;_animation&quot;:&quot;none&quot;}\" data-widget_type=\"image.default\">\n\t\t\t\t<div class=\"elementor-widget-container\">\n\t\t\t\t\t\t\t\t\t\t<figure class=\"wp-caption\">\n\t\t\t\t\t\t\t\t\t\t<img loading=\"lazy\" decoding=\"async\" width=\"1205\" height=\"1000\" src=\"https:\/\/c3.qroo.gob.mx\/wp-content\/uploads\/2025\/08\/reglamento1.png\" class=\"attachment-full size-full wp-image-36992\" alt=\"\" srcset=\"https:\/\/c3.qroo.gob.mx\/wp-content\/uploads\/2025\/08\/reglamento1.png 1205w, https:\/\/c3.qroo.gob.mx\/wp-content\/uploads\/2025\/08\/reglamento1-300x249.png 300w, https:\/\/c3.qroo.gob.mx\/wp-content\/uploads\/2025\/08\/reglamento1-1024x850.png 1024w, https:\/\/c3.qroo.gob.mx\/wp-content\/uploads\/2025\/08\/reglamento1-768x637.png 768w\" sizes=\"(max-width: 1205px) 100vw, 1205px\" \/>\t\t\t\t\t\t\t\t\t\t\t<figcaption class=\"widget-image-caption wp-caption-text\">DEL REGLAMENTO INTERIOR <br>DEL CENTRO ESTATAL DE EVALUACI\u00d3N Y CONTROL DE CONFIANZA<\/figcaption>\n\t\t\t\t\t\t\t\t\t\t<\/figure>\n\t\t\t\t\t\t\t<\/div>\n\t\t\t\t<\/div>\n\t\t\t\t<\/div>\n\t\t\t\t<div class=\"elementor-element elementor-element-a8535e5 elementor-widget elementor-widget-spacer\" data-id=\"a8535e5\" data-element_type=\"widget\" data-widget_type=\"spacer.default\">\n\t\t\t\t<div class=\"elementor-widget-container\">\n\t\t\t\t\t<div class=\"elementor-spacer\">\n\t\t\t<div class=\"elementor-spacer-inner\"><\/div>\n\t\t<\/div>\n\t\t\t\t<\/div>\n\t\t\t\t<\/div>\n\t\t\t\t<div class=\"elementor-element elementor-element-42d11bc elementor-widget elementor-widget-spacer\" data-id=\"42d11bc\" data-element_type=\"widget\" data-widget_type=\"spacer.default\">\n\t\t\t\t<div class=\"elementor-widget-container\">\n\t\t\t\t\t<div class=\"elementor-spacer\">\n\t\t\t<div class=\"elementor-spacer-inner\"><\/div>\n\t\t<\/div>\n\t\t\t\t<\/div>\n\t\t\t\t<\/div>\n\t\t\t\t\t<\/div>\n\t\t\t\t<\/div>\n\t\t\t\t<\/div>\n\t\t","protected":false},"excerpt":{"rendered":"<p>Visi\u00f3n, Misi\u00f3n y Objetivos Ser un organismo estatal de referencia nacional, reconocido por la solidez, transparencia y calidad de sus evaluaciones de control de confianza, y por su contribuci\u00f3n continua al fortalecimiento de las instituciones de seguridad y procuraci\u00f3n de justicia en Quintana Roo, regido bajo los principios rectores de legalidad, \u00e9tica, profesionalismo y respeto &#8230; <a title=\"Misi\u00f3n\" class=\"read-more\" href=\"https:\/\/c3.qroo.gob.mx\/index.php\/mision\/\" aria-label=\"Leer m\u00e1s sobre Misi\u00f3n\">Leer m\u00e1s<\/a><\/p>\n","protected":false},"author":1,"featured_media":0,"parent":0,"menu_order":0,"comment_status":"closed","ping_status":"closed","template":"","meta":{"footnotes":""},"class_list":["post-36090","page","type-page","status-publish"],"yoast_head":"<!-- This site is optimized with the Yoast SEO plugin v23.6 - https:\/\/yoast.com\/wordpress\/plugins\/seo\/ -->\n<title>Misi\u00f3n - C3<\/title>\n<meta name=\"robots\" content=\"index, follow, max-snippet:-1, max-image-preview:large, max-video-preview:-1\" \/>\n<link rel=\"canonical\" href=\"https:\/\/c3.qroo.gob.mx\/index.php\/mision\/\" \/>\n<meta property=\"og:locale\" content=\"es_MX\" \/>\n<meta property=\"og:type\" content=\"article\" \/>\n<meta property=\"og:title\" content=\"Misi\u00f3n - C3\" \/>\n<meta property=\"og:description\" content=\"Visi\u00f3n, Misi\u00f3n y Objetivos Ser un organismo estatal de referencia nacional, reconocido por la solidez, transparencia y calidad de sus evaluaciones de control de confianza, y por su contribuci\u00f3n continua al fortalecimiento de las instituciones de seguridad y procuraci\u00f3n de justicia en Quintana Roo, regido bajo los principios rectores de legalidad, \u00e9tica, profesionalismo y respeto ... Leer m\u00e1s\" \/>\n<meta property=\"og:url\" content=\"https:\/\/c3.qroo.gob.mx\/index.php\/mision\/\" \/>\n<meta property=\"og:site_name\" content=\"C3\" \/>\n<meta property=\"article:modified_time\" content=\"2025-08-08T21:02:32+00:00\" \/>\n<meta property=\"og:image\" content=\"https:\/\/c3.qroo.gob.mx\/wp-content\/uploads\/2025\/06\/vision1.png\" \/>\n\t<meta property=\"og:image:width\" content=\"1205\" \/>\n\t<meta property=\"og:image:height\" content=\"1150\" \/>\n\t<meta property=\"og:image:type\" content=\"image\/png\" \/>\n<meta name=\"twitter:card\" content=\"summary_large_image\" \/>\n<meta name=\"twitter:label1\" content=\"Tiempo de lectura\" \/>\n\t<meta name=\"twitter:data1\" content=\"3 minutos\" \/>\n<script type=\"application\/ld+json\" class=\"yoast-schema-graph\">{\"@context\":\"https:\/\/schema.org\",\"@graph\":[{\"@type\":\"WebPage\",\"@id\":\"https:\/\/c3.qroo.gob.mx\/index.php\/mision\/\",\"url\":\"https:\/\/c3.qroo.gob.mx\/index.php\/mision\/\",\"name\":\"Misi\u00f3n - C3\",\"isPartOf\":{\"@id\":\"https:\/\/c3.qroo.gob.mx\/#website\"},\"primaryImageOfPage\":{\"@id\":\"https:\/\/c3.qroo.gob.mx\/index.php\/mision\/#primaryimage\"},\"image\":{\"@id\":\"https:\/\/c3.qroo.gob.mx\/index.php\/mision\/#primaryimage\"},\"thumbnailUrl\":\"https:\/\/c3.qroo.gob.mx\/wp-content\/uploads\/2025\/06\/vision1.png\",\"datePublished\":\"2025-04-01T14:38:03+00:00\",\"dateModified\":\"2025-08-08T21:02:32+00:00\",\"breadcrumb\":{\"@id\":\"https:\/\/c3.qroo.gob.mx\/index.php\/mision\/#breadcrumb\"},\"inLanguage\":\"es\",\"potentialAction\":[{\"@type\":\"ReadAction\",\"target\":[\"https:\/\/c3.qroo.gob.mx\/index.php\/mision\/\"]}]},{\"@type\":\"ImageObject\",\"inLanguage\":\"es\",\"@id\":\"https:\/\/c3.qroo.gob.mx\/index.php\/mision\/#primaryimage\",\"url\":\"https:\/\/c3.qroo.gob.mx\/wp-content\/uploads\/2025\/06\/vision1.png\",\"contentUrl\":\"https:\/\/c3.qroo.gob.mx\/wp-content\/uploads\/2025\/06\/vision1.png\",\"width\":1205,\"height\":1150},{\"@type\":\"BreadcrumbList\",\"@id\":\"https:\/\/c3.qroo.gob.mx\/index.php\/mision\/#breadcrumb\",\"itemListElement\":[{\"@type\":\"ListItem\",\"position\":1,\"name\":\"Inicio\",\"item\":\"https:\/\/c3.qroo.gob.mx\/\"},{\"@type\":\"ListItem\",\"position\":2,\"name\":\"Misi\u00f3n\"}]},{\"@type\":\"WebSite\",\"@id\":\"https:\/\/c3.qroo.gob.mx\/#website\",\"url\":\"https:\/\/c3.qroo.gob.mx\/\",\"name\":\"C3\",\"description\":\"\",\"publisher\":{\"@id\":\"https:\/\/c3.qroo.gob.mx\/#organization\"},\"potentialAction\":[{\"@type\":\"SearchAction\",\"target\":{\"@type\":\"EntryPoint\",\"urlTemplate\":\"https:\/\/c3.qroo.gob.mx\/?s={search_term_string}\"},\"query-input\":{\"@type\":\"PropertyValueSpecification\",\"valueRequired\":true,\"valueName\":\"search_term_string\"}}],\"inLanguage\":\"es\"},{\"@type\":\"Organization\",\"@id\":\"https:\/\/c3.qroo.gob.mx\/#organization\",\"name\":\"C3\",\"url\":\"https:\/\/c3.qroo.gob.mx\/\",\"logo\":{\"@type\":\"ImageObject\",\"inLanguage\":\"es\",\"@id\":\"https:\/\/c3.qroo.gob.mx\/#\/schema\/logo\/image\/\",\"url\":\"https:\/\/c3.qroo.gob.mx\/wp-content\/uploads\/2025\/04\/ESCUDO-Q-C3_.png\",\"contentUrl\":\"https:\/\/c3.qroo.gob.mx\/wp-content\/uploads\/2025\/04\/ESCUDO-Q-C3_.png\",\"width\":1349,\"height\":576,\"caption\":\"C3\"},\"image\":{\"@id\":\"https:\/\/c3.qroo.gob.mx\/#\/schema\/logo\/image\/\"}}]}<\/script>\n<!-- \/ Yoast SEO plugin. -->","yoast_head_json":{"title":"Misi\u00f3n - C3","robots":{"index":"index","follow":"follow","max-snippet":"max-snippet:-1","max-image-preview":"max-image-preview:large","max-video-preview":"max-video-preview:-1"},"canonical":"https:\/\/c3.qroo.gob.mx\/index.php\/mision\/","og_locale":"es_MX","og_type":"article","og_title":"Misi\u00f3n - C3","og_description":"Visi\u00f3n, Misi\u00f3n y Objetivos Ser un organismo estatal de referencia nacional, reconocido por la solidez, transparencia y calidad de sus evaluaciones de control de confianza, y por su contribuci\u00f3n continua al fortalecimiento de las instituciones de seguridad y procuraci\u00f3n de justicia en Quintana Roo, regido bajo los principios rectores de legalidad, \u00e9tica, profesionalismo y respeto ... Leer m\u00e1s","og_url":"https:\/\/c3.qroo.gob.mx\/index.php\/mision\/","og_site_name":"C3","article_modified_time":"2025-08-08T21:02:32+00:00","og_image":[{"width":1205,"height":1150,"url":"https:\/\/c3.qroo.gob.mx\/wp-content\/uploads\/2025\/06\/vision1.png","type":"image\/png"}],"twitter_card":"summary_large_image","twitter_misc":{"Tiempo de lectura":"3 minutos"},"schema":{"@context":"https:\/\/schema.org","@graph":[{"@type":"WebPage","@id":"https:\/\/c3.qroo.gob.mx\/index.php\/mision\/","url":"https:\/\/c3.qroo.gob.mx\/index.php\/mision\/","name":"Misi\u00f3n - C3","isPartOf":{"@id":"https:\/\/c3.qroo.gob.mx\/#website"},"primaryImageOfPage":{"@id":"https:\/\/c3.qroo.gob.mx\/index.php\/mision\/#primaryimage"},"image":{"@id":"https:\/\/c3.qroo.gob.mx\/index.php\/mision\/#primaryimage"},"thumbnailUrl":"https:\/\/c3.qroo.gob.mx\/wp-content\/uploads\/2025\/06\/vision1.png","datePublished":"2025-04-01T14:38:03+00:00","dateModified":"2025-08-08T21:02:32+00:00","breadcrumb":{"@id":"https:\/\/c3.qroo.gob.mx\/index.php\/mision\/#breadcrumb"},"inLanguage":"es","potentialAction":[{"@type":"ReadAction","target":["https:\/\/c3.qroo.gob.mx\/index.php\/mision\/"]}]},{"@type":"ImageObject","inLanguage":"es","@id":"https:\/\/c3.qroo.gob.mx\/index.php\/mision\/#primaryimage","url":"https:\/\/c3.qroo.gob.mx\/wp-content\/uploads\/2025\/06\/vision1.png","contentUrl":"https:\/\/c3.qroo.gob.mx\/wp-content\/uploads\/2025\/06\/vision1.png","width":1205,"height":1150},{"@type":"BreadcrumbList","@id":"https:\/\/c3.qroo.gob.mx\/index.php\/mision\/#breadcrumb","itemListElement":[{"@type":"ListItem","position":1,"name":"Inicio","item":"https:\/\/c3.qroo.gob.mx\/"},{"@type":"ListItem","position":2,"name":"Misi\u00f3n"}]},{"@type":"WebSite","@id":"https:\/\/c3.qroo.gob.mx\/#website","url":"https:\/\/c3.qroo.gob.mx\/","name":"C3","description":"","publisher":{"@id":"https:\/\/c3.qroo.gob.mx\/#organization"},"potentialAction":[{"@type":"SearchAction","target":{"@type":"EntryPoint","urlTemplate":"https:\/\/c3.qroo.gob.mx\/?s={search_term_string}"},"query-input":{"@type":"PropertyValueSpecification","valueRequired":true,"valueName":"search_term_string"}}],"inLanguage":"es"},{"@type":"Organization","@id":"https:\/\/c3.qroo.gob.mx\/#organization","name":"C3","url":"https:\/\/c3.qroo.gob.mx\/","logo":{"@type":"ImageObject","inLanguage":"es","@id":"https:\/\/c3.qroo.gob.mx\/#\/schema\/logo\/image\/","url":"https:\/\/c3.qroo.gob.mx\/wp-content\/uploads\/2025\/04\/ESCUDO-Q-C3_.png","contentUrl":"https:\/\/c3.qroo.gob.mx\/wp-content\/uploads\/2025\/04\/ESCUDO-Q-C3_.png","width":1349,"height":576,"caption":"C3"},"image":{"@id":"https:\/\/c3.qroo.gob.mx\/#\/schema\/logo\/image\/"}}]}},"_links":{"self":[{"href":"https:\/\/c3.qroo.gob.mx\/index.php\/wp-json\/wp\/v2\/pages\/36090"}],"collection":[{"href":"https:\/\/c3.qroo.gob.mx\/index.php\/wp-json\/wp\/v2\/pages"}],"about":[{"href":"https:\/\/c3.qroo.gob.mx\/index.php\/wp-json\/wp\/v2\/types\/page"}],"author":[{"embeddable":true,"href":"https:\/\/c3.qroo.gob.mx\/index.php\/wp-json\/wp\/v2\/users\/1"}],"replies":[{"embeddable":true,"href":"https:\/\/c3.qroo.gob.mx\/index.php\/wp-json\/wp\/v2\/comments?post=36090"}],"version-history":[{"count":50,"href":"https:\/\/c3.qroo.gob.mx\/index.php\/wp-json\/wp\/v2\/pages\/36090\/revisions"}],"predecessor-version":[{"id":37020,"href":"https:\/\/c3.qroo.gob.mx\/index.php\/wp-json\/wp\/v2\/pages\/36090\/revisions\/37020"}],"wp:attachment":[{"href":"https:\/\/c3.qroo.gob.mx\/index.php\/wp-json\/wp\/v2\/media?parent=36090"}],"curies":[{"name":"wp","href":"https:\/\/api.w.org\/{rel}","templated":true}]}}