{"id":36104,"date":"2025-04-01T09:46:58","date_gmt":"2025-04-01T14:46:58","guid":{"rendered":"https:\/\/c3.qroo.gob.mx\/homologacion\/?page_id=36104"},"modified":"2025-06-16T15:55:15","modified_gmt":"2025-06-16T20:55:15","slug":"politica-ambiental-tortuga","status":"publish","type":"page","link":"https:\/\/c3.qroo.gob.mx\/index.php\/politica-ambiental-tortuga\/","title":{"rendered":"Pol\u00edtica Ambiental Tortuga"},"content":{"rendered":"\t\t<div data-elementor-type=\"wp-page\" data-elementor-id=\"36104\" class=\"elementor elementor-36104\">\n\t\t\t\t<div class=\"elementor-element elementor-element-1f64bac e-flex e-con-boxed e-con e-parent\" data-id=\"1f64bac\" data-element_type=\"container\">\n\t\t\t\t\t<div class=\"e-con-inner\">\n\t\t\t\t<div class=\"elementor-element elementor-element-66f8ec0 elementor-widget elementor-widget-spacer\" data-id=\"66f8ec0\" data-element_type=\"widget\" data-widget_type=\"spacer.default\">\n\t\t\t\t<div class=\"elementor-widget-container\">\n\t\t\t\t\t<div class=\"elementor-spacer\">\n\t\t\t<div class=\"elementor-spacer-inner\"><\/div>\n\t\t<\/div>\n\t\t\t\t<\/div>\n\t\t\t\t<\/div>\n\t\t\t\t<div class=\"elementor-element elementor-element-2343d92 elementor-widget elementor-widget-heading\" data-id=\"2343d92\" data-element_type=\"widget\" data-widget_type=\"heading.default\">\n\t\t\t\t<div class=\"elementor-widget-container\">\n\t\t\t<h2 class=\"elementor-heading-title elementor-size-default\">Semana estatal de la tortuga marina<\/h2>\t\t<\/div>\n\t\t\t\t<\/div>\n\t\t\t\t<div class=\"elementor-element elementor-element-321d483 elementor-widget elementor-widget-spacer\" data-id=\"321d483\" data-element_type=\"widget\" data-widget_type=\"spacer.default\">\n\t\t\t\t<div class=\"elementor-widget-container\">\n\t\t\t\t\t<div class=\"elementor-spacer\">\n\t\t\t<div class=\"elementor-spacer-inner\"><\/div>\n\t\t<\/div>\n\t\t\t\t<\/div>\n\t\t\t\t<\/div>\n\t\t\t\t\t<\/div>\n\t\t\t\t<\/div>\n\t\t<div class=\"elementor-element elementor-element-7576490 e-flex e-con-boxed e-con e-parent\" data-id=\"7576490\" data-element_type=\"container\">\n\t\t\t\t\t<div class=\"e-con-inner\">\n\t\t\t\t<div class=\"elementor-element elementor-element-d47f12e elementor-widget elementor-widget-image\" data-id=\"d47f12e\" data-element_type=\"widget\" data-widget_type=\"image.default\">\n\t\t\t\t<div class=\"elementor-widget-container\">\n\t\t\t\t\t\t\t\t\t\t\t\t\t<img fetchpriority=\"high\" decoding=\"async\" width=\"1024\" height=\"685\" src=\"https:\/\/c3.qroo.gob.mx\/wp-content\/uploads\/2025\/04\/tortuga-1024x685.jpeg\" class=\"attachment-large size-large wp-image-36250\" alt=\"\" srcset=\"https:\/\/c3.qroo.gob.mx\/wp-content\/uploads\/2025\/04\/tortuga-1024x685.jpeg 1024w, https:\/\/c3.qroo.gob.mx\/wp-content\/uploads\/2025\/04\/tortuga-300x201.jpeg 300w, https:\/\/c3.qroo.gob.mx\/wp-content\/uploads\/2025\/04\/tortuga-768x514.jpeg 768w, https:\/\/c3.qroo.gob.mx\/wp-content\/uploads\/2025\/04\/tortuga-1536x1027.jpeg 1536w, https:\/\/c3.qroo.gob.mx\/wp-content\/uploads\/2025\/04\/tortuga.jpeg 1600w\" sizes=\"(max-width: 1024px) 100vw, 1024px\" \/>\t\t\t\t\t\t\t\t\t\t\t\t\t<\/div>\n\t\t\t\t<\/div>\n\t\t\t\t<div class=\"elementor-element elementor-element-6f40164 elementor-widget elementor-widget-spacer\" data-id=\"6f40164\" data-element_type=\"widget\" data-widget_type=\"spacer.default\">\n\t\t\t\t<div class=\"elementor-widget-container\">\n\t\t\t\t\t<div class=\"elementor-spacer\">\n\t\t\t<div class=\"elementor-spacer-inner\"><\/div>\n\t\t<\/div>\n\t\t\t\t<\/div>\n\t\t\t\t<\/div>\n\t\t<div class=\"elementor-element elementor-element-809566d e-grid e-con-full e-con e-child\" data-id=\"809566d\" data-element_type=\"container\">\n\t\t\t\t<div class=\"elementor-element elementor-element-75efe3d zoom-button elementor-widget elementor-widget-image\" data-id=\"75efe3d\" data-element_type=\"widget\" data-widget_type=\"image.default\">\n\t\t\t\t<div class=\"elementor-widget-container\">\n\t\t\t\t\t\t\t\t\t\t\t\t\t\t<a href=\"https:\/\/c3.qroo.gob.mx\/\/wp-content\/uploads\/2025\/06\/mural_tortuga.jpeg\" rel=\"nofollow\">\n\t\t\t\t\t\t\t<img decoding=\"async\" width=\"600\" height=\"200\" src=\"https:\/\/c3.qroo.gob.mx\/wp-content\/uploads\/2025\/06\/p-ambiental-mural.png\" class=\"attachment-large size-large wp-image-36555\" alt=\"\" srcset=\"https:\/\/c3.qroo.gob.mx\/wp-content\/uploads\/2025\/06\/p-ambiental-mural.png 600w, https:\/\/c3.qroo.gob.mx\/wp-content\/uploads\/2025\/06\/p-ambiental-mural-300x100.png 300w\" sizes=\"(max-width: 600px) 100vw, 600px\" \/>\t\t\t\t\t\t\t\t<\/a>\n\t\t\t\t\t\t\t\t\t\t\t\t\t<\/div>\n\t\t\t\t<\/div>\n\t\t\t\t<div class=\"elementor-element elementor-element-821e5b0 zoom-button elementor-widget elementor-widget-image\" data-id=\"821e5b0\" data-element_type=\"widget\" data-widget_type=\"image.default\">\n\t\t\t\t<div class=\"elementor-widget-container\">\n\t\t\t\t\t\t\t\t\t\t\t\t\t\t<a href=\"https:\/\/c3.qroo.gob.mx\/\/wp-content\/uploads\/2025\/06\/ciclo_tortuga.jpg\">\n\t\t\t\t\t\t\t<img decoding=\"async\" width=\"600\" height=\"200\" src=\"https:\/\/c3.qroo.gob.mx\/wp-content\/uploads\/2025\/06\/p-ambiental-ciclo.png\" class=\"attachment-large size-large wp-image-36553\" alt=\"\" srcset=\"https:\/\/c3.qroo.gob.mx\/wp-content\/uploads\/2025\/06\/p-ambiental-ciclo.png 600w, https:\/\/c3.qroo.gob.mx\/wp-content\/uploads\/2025\/06\/p-ambiental-ciclo-300x100.png 300w\" sizes=\"(max-width: 600px) 100vw, 600px\" \/>\t\t\t\t\t\t\t\t<\/a>\n\t\t\t\t\t\t\t\t\t\t\t\t\t<\/div>\n\t\t\t\t<\/div>\n\t\t\t\t<div class=\"elementor-element elementor-element-8cb317f zoom-button elementor-widget elementor-widget-image\" data-id=\"8cb317f\" data-element_type=\"widget\" data-widget_type=\"image.default\">\n\t\t\t\t<div class=\"elementor-widget-container\">\n\t\t\t\t\t\t\t\t\t\t\t\t\t\t<a href=\"https:\/\/c3.qroo.gob.mx\/\/wp-content\/uploads\/2025\/06\/p-mas-info-tortuga.pdf\">\n\t\t\t\t\t\t\t<img loading=\"lazy\" decoding=\"async\" width=\"600\" height=\"200\" src=\"https:\/\/c3.qroo.gob.mx\/wp-content\/uploads\/2025\/06\/p-ambiental-mas.png\" class=\"attachment-large size-large wp-image-36554\" alt=\"\" srcset=\"https:\/\/c3.qroo.gob.mx\/wp-content\/uploads\/2025\/06\/p-ambiental-mas.png 600w, https:\/\/c3.qroo.gob.mx\/wp-content\/uploads\/2025\/06\/p-ambiental-mas-300x100.png 300w\" sizes=\"(max-width: 600px) 100vw, 600px\" \/>\t\t\t\t\t\t\t\t<\/a>\n\t\t\t\t\t\t\t\t\t\t\t\t\t<\/div>\n\t\t\t\t<\/div>\n\t\t\t\t<div class=\"elementor-element elementor-element-ce1a3f1 zoom-button elementor-widget elementor-widget-image\" data-id=\"ce1a3f1\" data-element_type=\"widget\" data-widget_type=\"image.default\">\n\t\t\t\t<div class=\"elementor-widget-container\">\n\t\t\t\t\t\t\t\t\t\t\t\t\t\t<a href=\"https:\/\/c3.qroo.gob.mx\/\/wp-content\/uploads\/2025\/06\/sabias.pdf\">\n\t\t\t\t\t\t\t<img loading=\"lazy\" decoding=\"async\" width=\"600\" height=\"200\" src=\"https:\/\/c3.qroo.gob.mx\/wp-content\/uploads\/2025\/06\/p-ambiental-sabias-que.png\" class=\"attachment-large size-large wp-image-36556\" alt=\"\" srcset=\"https:\/\/c3.qroo.gob.mx\/wp-content\/uploads\/2025\/06\/p-ambiental-sabias-que.png 600w, https:\/\/c3.qroo.gob.mx\/wp-content\/uploads\/2025\/06\/p-ambiental-sabias-que-300x100.png 300w\" sizes=\"(max-width: 600px) 100vw, 600px\" \/>\t\t\t\t\t\t\t\t<\/a>\n\t\t\t\t\t\t\t\t\t\t\t\t\t<\/div>\n\t\t\t\t<\/div>\n\t\t\t\t<\/div>\n\t\t\t\t\t<\/div>\n\t\t\t\t<\/div>\n\t\t<div class=\"elementor-element elementor-element-e709c96 e-flex e-con-boxed e-con e-parent\" data-id=\"e709c96\" data-element_type=\"container\">\n\t\t\t\t\t<div class=\"e-con-inner\">\n\t\t\t\t<div class=\"elementor-element elementor-element-b2e3122 elementor-widget elementor-widget-spacer\" data-id=\"b2e3122\" data-element_type=\"widget\" data-widget_type=\"spacer.default\">\n\t\t\t\t<div class=\"elementor-widget-container\">\n\t\t\t\t\t<div class=\"elementor-spacer\">\n\t\t\t<div class=\"elementor-spacer-inner\"><\/div>\n\t\t<\/div>\n\t\t\t\t<\/div>\n\t\t\t\t<\/div>\n\t\t\t\t\t<\/div>\n\t\t\t\t<\/div>\n\t\t<div class=\"elementor-element elementor-element-6589724 e-flex e-con-boxed e-con e-parent\" data-id=\"6589724\" data-element_type=\"container\">\n\t\t\t\t\t<div class=\"e-con-inner\">\n\t\t\t\t<div class=\"elementor-element elementor-element-7819125 elementor-widget elementor-widget-image\" data-id=\"7819125\" data-element_type=\"widget\" data-widget_type=\"image.default\">\n\t\t\t\t<div class=\"elementor-widget-container\">\n\t\t\t\t\t\t\t\t\t\t\t\t\t<img decoding=\"async\" src=\"https:\/\/c3.qroo.gob.mx\/\/wp-content\/uploads\/2025\/06\/CUADRO2.jpeg\" title=\"\" alt=\"\" loading=\"lazy\" \/>\t\t\t\t\t\t\t\t\t\t\t\t\t<\/div>\n\t\t\t\t<\/div>\n\t\t\t\t<div class=\"elementor-element elementor-element-115935d elementor-widget elementor-widget-spacer\" data-id=\"115935d\" data-element_type=\"widget\" data-widget_type=\"spacer.default\">\n\t\t\t\t<div class=\"elementor-widget-container\">\n\t\t\t\t\t<div class=\"elementor-spacer\">\n\t\t\t<div class=\"elementor-spacer-inner\"><\/div>\n\t\t<\/div>\n\t\t\t\t<\/div>\n\t\t\t\t<\/div>\n\t\t\t\t<div class=\"elementor-element elementor-element-21b0188 elementor-widget elementor-widget-spacer\" data-id=\"21b0188\" data-element_type=\"widget\" data-widget_type=\"spacer.default\">\n\t\t\t\t<div class=\"elementor-widget-container\">\n\t\t\t\t\t<div class=\"elementor-spacer\">\n\t\t\t<div class=\"elementor-spacer-inner\"><\/div>\n\t\t<\/div>\n\t\t\t\t<\/div>\n\t\t\t\t<\/div>\n\t\t\t\t\t<\/div>\n\t\t\t\t<\/div>\n\t\t<div class=\"elementor-element elementor-element-6d9c7a7 e-flex e-con-boxed e-con e-parent\" data-id=\"6d9c7a7\" data-element_type=\"container\">\n\t\t\t\t\t<div class=\"e-con-inner\">\n\t\t\t\t<div class=\"elementor-element elementor-element-936f67b elementor-widget elementor-widget-elementskit-testimonial\" data-id=\"936f67b\" data-element_type=\"widget\" data-widget_type=\"elementskit-testimonial.default\">\n\t\t\t\t<div class=\"elementor-widget-container\">\n\t\t\t<div class=\"ekit-wid-con\" ><div class=\"elementskit-testimonial-slider arrow_inside \" data-config=\"{&quot;rtl&quot;:false,&quot;arrows&quot;:false,&quot;dots&quot;:false,&quot;pauseOnHover&quot;:true,&quot;autoplay&quot;:true,&quot;speed&quot;:1000,&quot;slidesPerGroup&quot;:1,&quot;slidesPerView&quot;:1,&quot;loop&quot;:false,&quot;spaceBetween&quot;:15,&quot;breakpoints&quot;:{&quot;320&quot;:{&quot;slidesPerView&quot;:1,&quot;slidesPerGroup&quot;:1,&quot;spaceBetween&quot;:10},&quot;768&quot;:{&quot;slidesPerView&quot;:2,&quot;slidesPerGroup&quot;:1,&quot;spaceBetween&quot;:10},&quot;1024&quot;:{&quot;slidesPerView&quot;:1,&quot;slidesPerGroup&quot;:1,&quot;spaceBetween&quot;:15}}}\">\n\t<div class=\"ekit-main-swiper swiper\">\n\t\t<div class=\"swiper-wrapper\">\n\t\t\t\t\t\t\t\t<div class=\"swiper-slide\">\n\t\t\t\t\t\t<div class=\"swiper-slide-inner\">\n\t\t\t\t\t\t\t<a class=\"elementskit-testimonial_card\" style=\"background-image: url(https:\/\/c3.qroo.gob.mx\/\/wp-content\/uploads\/2025\/04\/abeja-scaled.jpg);\" href=\"https:\/\/c3.qroo.gob.mx\/\/index.php\/politica-ambiental-abeja\/\">\n\t\t\t\t\t\t\t\t\t\t\t\t\t\t\t\t<ul class=\"elementskit-stars\">\n\t\t\t\t\t\t\t\t\t\t\t\t\t\t\t\t\t\t<li><span><i class=\"eicon-star active\"><\/i><\/span><\/li>\n\n\t\t\t\t\t\t\t\t\t\t\t\t\t\t\t\t\t\t<li><span><i class=\"eicon-star active\"><\/i><\/span><\/li>\n\n\t\t\t\t\t\t\t\t\t\t\t\t\t\t\t\t\t\t<li><span><i class=\"eicon-star active\"><\/i><\/span><\/li>\n\n\t\t\t\t\t\t\t\t\t\t\t\t\t\t\t\t\t\t<li><span><i class=\"eicon-star active\"><\/i><\/span><\/li>\n\n\t\t\t\t\t\t\t\t\t\t\t\t\t\t\t\t\t\t<li><span><i class=\"eicon-star active\"><\/i><\/span><\/li>\n\n\t\t\t\t\t\t\t\t\t\t\t\t\t\t\t\t\t<\/ul>\n\t\t\t\t\t\t\t\t\n\t\t\t\t\t\t\t\t\n\t\t\t\t\t\t\t\t<span class=\"elementskit-profile-info\">\n\t\t\t\t\t\t\t\t\t<strong class=\"elementskit-author-name\">D\u00cdA INTERNACIONAL DE LA ABEJA<\/strong>\n\t\t\t\t\t\t\t\t\t<span class=\"elementskit-author-des\">17 de agosto<\/span>\n\t\t\t\t\t\t\t\t<\/span>\n\t\t\t\t\t\t\t\t<div class=\"xs-overlay elementor-repeater-item-fd85b3a\"><\/div>\n\t\t\t\t\t\t\t<\/a><!-- .testimonial_card END -->\n\t\t\t\t\t\t<\/div>\n\t\t\t\t\t<\/div>\n\t\t\t\t\t\t\t\t<div class=\"swiper-slide\">\n\t\t\t\t\t\t<div class=\"swiper-slide-inner\">\n\t\t\t\t\t\t\t<a class=\"elementskit-testimonial_card\" style=\"background-image: url(https:\/\/c3.qroo.gob.mx\/\/wp-content\/uploads\/2025\/04\/mes_tiburon_2.jpg);\" href=\"https:\/\/c3.qroo.gob.mx\/\/index.php\/politica-ambiental-tiburon\/\">\n\t\t\t\t\t\t\t\t\t\t\t\t\t\t\t\t<ul class=\"elementskit-stars\">\n\t\t\t\t\t\t\t\t\t\t\t\t\t\t\t\t\t\t<li><span><i class=\"eicon-star active\"><\/i><\/span><\/li>\n\n\t\t\t\t\t\t\t\t\t\t\t\t\t\t\t\t\t\t<li><span><i class=\"eicon-star active\"><\/i><\/span><\/li>\n\n\t\t\t\t\t\t\t\t\t\t\t\t\t\t\t\t\t\t<li><span><i class=\"eicon-star active\"><\/i><\/span><\/li>\n\n\t\t\t\t\t\t\t\t\t\t\t\t\t\t\t\t\t\t<li><span><i class=\"eicon-star active\"><\/i><\/span><\/li>\n\n\t\t\t\t\t\t\t\t\t\t\t\t\t\t\t\t\t\t<li><span><i class=\"eicon-star active\"><\/i><\/span><\/li>\n\n\t\t\t\t\t\t\t\t\t\t\t\t\t\t\t\t\t<\/ul>\n\t\t\t\t\t\t\t\t\n\t\t\t\t\t\t\t\t\t\t\t\t\t\t\t\t\t<p class=\"elementskit-commentor-coment\">Julio<\/p>\n\t\t\t\t\t\t\t\t\n\t\t\t\t\t\t\t\t<span class=\"elementskit-profile-info\">\n\t\t\t\t\t\t\t\t\t<strong class=\"elementskit-author-name\">MES ESTATAL DEL TIBUR\u00d3N<\/strong>\n\t\t\t\t\t\t\t\t\t<span class=\"elementskit-author-des\"><\/span>\n\t\t\t\t\t\t\t\t<\/span>\n\t\t\t\t\t\t\t\t<div class=\"xs-overlay elementor-repeater-item-080694c\"><\/div>\n\t\t\t\t\t\t\t<\/a><!-- .testimonial_card END -->\n\t\t\t\t\t\t<\/div>\n\t\t\t\t\t<\/div>\n\t\t\t\t\t\t\t\t<div class=\"swiper-slide\">\n\t\t\t\t\t\t<div class=\"swiper-slide-inner\">\n\t\t\t\t\t\t\t<a class=\"elementskit-testimonial_card\" style=\"background-image: url(https:\/\/c3.qroo.gob.mx\/\/wp-content\/uploads\/2025\/04\/CUADRO3.jpeg);\" href=\"https:\/\/c3.qroo.gob.mx\/\/index.php\/politica-ambiental-tortuga\/\">\n\t\t\t\t\t\t\t\t\t\t\t\t\t\t\t\t<ul class=\"elementskit-stars\">\n\t\t\t\t\t\t\t\t\t\t\t\t\t\t\t\t\t\t<li><span><i class=\"eicon-star active\"><\/i><\/span><\/li>\n\n\t\t\t\t\t\t\t\t\t\t\t\t\t\t\t\t\t\t<li><span><i class=\"eicon-star active\"><\/i><\/span><\/li>\n\n\t\t\t\t\t\t\t\t\t\t\t\t\t\t\t\t\t\t<li><span><i class=\"eicon-star active\"><\/i><\/span><\/li>\n\n\t\t\t\t\t\t\t\t\t\t\t\t\t\t\t\t\t\t<li><span><i class=\"eicon-star active\"><\/i><\/span><\/li>\n\n\t\t\t\t\t\t\t\t\t\t\t\t\t\t\t\t\t\t<li><span><i class=\"eicon-star active\"><\/i><\/span><\/li>\n\n\t\t\t\t\t\t\t\t\t\t\t\t\t\t\t\t\t<\/ul>\n\t\t\t\t\t\t\t\t\n\t\t\t\t\t\t\t\t\n\t\t\t\t\t\t\t\t<span class=\"elementskit-profile-info\">\n\t\t\t\t\t\t\t\t\t<strong class=\"elementskit-author-name\">SEMANA ESTATAL DE LA TORTUGA MARINA<\/strong>\n\t\t\t\t\t\t\t\t\t<span class=\"elementskit-author-des\">1-8 Mayo<\/span>\n\t\t\t\t\t\t\t\t<\/span>\n\t\t\t\t\t\t\t\t<div class=\"xs-overlay elementor-repeater-item-996654d\"><\/div>\n\t\t\t\t\t\t\t<\/a><!-- .testimonial_card END -->\n\t\t\t\t\t\t<\/div>\n\t\t\t\t\t<\/div>\n\t\t\t\t\t\t\t\t<div class=\"swiper-slide\">\n\t\t\t\t\t\t<div class=\"swiper-slide-inner\">\n\t\t\t\t\t\t\t<a class=\"elementskit-testimonial_card\" style=\"background-image: url(https:\/\/c3.qroo.gob.mx\/\/wp-content\/uploads\/2025\/04\/navidad.png);\" href=\"https:\/\/c3.qroo.gob.mx\/\/index.php\/politica-ambiental-navidad\/\">\n\t\t\t\t\t\t\t\t\t\t\t\t\t\t\t\t<ul class=\"elementskit-stars\">\n\t\t\t\t\t\t\t\t\t\t\t\t\t\t\t\t\t\t<li><span><i class=\"eicon-star active\"><\/i><\/span><\/li>\n\n\t\t\t\t\t\t\t\t\t\t\t\t\t\t\t\t\t\t<li><span><i class=\"eicon-star active\"><\/i><\/span><\/li>\n\n\t\t\t\t\t\t\t\t\t\t\t\t\t\t\t\t\t\t<li><span><i class=\"eicon-star active\"><\/i><\/span><\/li>\n\n\t\t\t\t\t\t\t\t\t\t\t\t\t\t\t\t\t\t<li><span><i class=\"eicon-star active\"><\/i><\/span><\/li>\n\n\t\t\t\t\t\t\t\t\t\t\t\t\t\t\t\t\t\t<li><span><i class=\"eicon-star active\"><\/i><\/span><\/li>\n\n\t\t\t\t\t\t\t\t\t\t\t\t\t\t\t\t\t<\/ul>\n\t\t\t\t\t\t\t\t\n\t\t\t\t\t\t\t\t\n\t\t\t\t\t\t\t\t<span class=\"elementskit-profile-info\">\n\t\t\t\t\t\t\t\t\t<strong class=\"elementskit-author-name\">NAVIDAD SUSTENTABLE<\/strong>\n\t\t\t\t\t\t\t\t\t<span class=\"elementskit-author-des\"><\/span>\n\t\t\t\t\t\t\t\t<\/span>\n\t\t\t\t\t\t\t\t<div class=\"xs-overlay elementor-repeater-item-177e3fe\"><\/div>\n\t\t\t\t\t\t\t<\/a><!-- .testimonial_card END -->\n\t\t\t\t\t\t<\/div>\n\t\t\t\t\t<\/div>\n\t\t\t\t\t\t\t\t<div class=\"swiper-slide\">\n\t\t\t\t\t\t<div class=\"swiper-slide-inner\">\n\t\t\t\t\t\t\t<a class=\"elementskit-testimonial_card\" style=\"background-image: url(https:\/\/c3.qroo.gob.mx\/\/wp-content\/uploads\/2025\/04\/manati.png);\" href=\"https:\/\/c3.qroo.gob.mx\/\/index.php\/politica-ambiental-manati\/\">\n\t\t\t\t\t\t\t\t\t\t\t\t\t\t\t\t<ul class=\"elementskit-stars\">\n\t\t\t\t\t\t\t\t\t\t\t\t\t\t\t\t\t\t<li><span><i class=\"eicon-star active\"><\/i><\/span><\/li>\n\n\t\t\t\t\t\t\t\t\t\t\t\t\t\t\t\t\t\t<li><span><i class=\"eicon-star active\"><\/i><\/span><\/li>\n\n\t\t\t\t\t\t\t\t\t\t\t\t\t\t\t\t\t\t<li><span><i class=\"eicon-star active\"><\/i><\/span><\/li>\n\n\t\t\t\t\t\t\t\t\t\t\t\t\t\t\t\t\t\t<li><span><i class=\"eicon-star active\"><\/i><\/span><\/li>\n\n\t\t\t\t\t\t\t\t\t\t\t\t\t\t\t\t\t\t<li><span><i class=\"eicon-star active\"><\/i><\/span><\/li>\n\n\t\t\t\t\t\t\t\t\t\t\t\t\t\t\t\t\t<\/ul>\n\t\t\t\t\t\t\t\t\n\t\t\t\t\t\t\t\t\n\t\t\t\t\t\t\t\t<span class=\"elementskit-profile-info\">\n\t\t\t\t\t\t\t\t\t<strong class=\"elementskit-author-name\">MES DEL MANAT\u00cd<\/strong>\n\t\t\t\t\t\t\t\t\t<span class=\"elementskit-author-des\">1 al 8 de septiembre<\/span>\n\t\t\t\t\t\t\t\t<\/span>\n\t\t\t\t\t\t\t\t<div class=\"xs-overlay elementor-repeater-item-29a474a\"><\/div>\n\t\t\t\t\t\t\t<\/a><!-- .testimonial_card END -->\n\t\t\t\t\t\t<\/div>\n\t\t\t\t\t<\/div>\n\t\t\t\t\t<\/div>\n\n\t\t\n\t\t\t<\/div>\n<\/div>\n<\/div>\t\t<\/div>\n\t\t\t\t<\/div>\n\t\t\t\t<div class=\"elementor-element elementor-element-db11f88 elementor-widget elementor-widget-spacer\" data-id=\"db11f88\" data-element_type=\"widget\" data-widget_type=\"spacer.default\">\n\t\t\t\t<div class=\"elementor-widget-container\">\n\t\t\t\t\t<div class=\"elementor-spacer\">\n\t\t\t<div class=\"elementor-spacer-inner\"><\/div>\n\t\t<\/div>\n\t\t\t\t<\/div>\n\t\t\t\t<\/div>\n\t\t\t\t\t<\/div>\n\t\t\t\t<\/div>\n\t\t\t\t<\/div>\n\t\t","protected":false},"excerpt":{"rendered":"<p>Semana estatal de la tortuga marina D\u00cdA INTERNACIONAL DE LA ABEJA 17 de agosto Julio MES ESTATAL DEL TIBUR\u00d3N SEMANA ESTATAL DE LA TORTUGA MARINA 1-8 Mayo NAVIDAD SUSTENTABLE MES DEL MANAT\u00cd 1 al 8 de septiembre<\/p>\n","protected":false},"author":1,"featured_media":0,"parent":0,"menu_order":0,"comment_status":"closed","ping_status":"closed","template":"","meta":{"footnotes":""},"class_list":["post-36104","page","type-page","status-publish"],"yoast_head":"<!-- This site is optimized with the Yoast SEO plugin v23.6 - https:\/\/yoast.com\/wordpress\/plugins\/seo\/ -->\n<title>Pol\u00edtica Ambiental Tortuga - C3<\/title>\n<meta name=\"robots\" content=\"index, follow, max-snippet:-1, max-image-preview:large, max-video-preview:-1\" \/>\n<link rel=\"canonical\" href=\"https:\/\/c3.qroo.gob.mx\/index.php\/politica-ambiental-tortuga\/\" \/>\n<meta property=\"og:locale\" content=\"es_MX\" \/>\n<meta property=\"og:type\" content=\"article\" \/>\n<meta property=\"og:title\" content=\"Pol\u00edtica Ambiental Tortuga - C3\" \/>\n<meta property=\"og:description\" content=\"Semana estatal de la tortuga marina D\u00cdA INTERNACIONAL DE LA ABEJA 17 de agosto Julio MES ESTATAL DEL TIBUR\u00d3N SEMANA ESTATAL DE LA TORTUGA MARINA 1-8 Mayo NAVIDAD SUSTENTABLE MES DEL MANAT\u00cd 1 al 8 de septiembre\" \/>\n<meta property=\"og:url\" content=\"https:\/\/c3.qroo.gob.mx\/index.php\/politica-ambiental-tortuga\/\" \/>\n<meta property=\"og:site_name\" content=\"C3\" \/>\n<meta property=\"article:modified_time\" content=\"2025-06-16T20:55:15+00:00\" \/>\n<meta property=\"og:image\" content=\"https:\/\/c3.qroo.gob.mx\/homologacion\/wp-content\/uploads\/2025\/04\/tortuga-1024x685.jpeg\" \/>\n<meta name=\"twitter:card\" content=\"summary_large_image\" \/>\n<meta name=\"twitter:label1\" content=\"Tiempo de lectura\" \/>\n\t<meta name=\"twitter:data1\" content=\"2 minutos\" \/>\n<script type=\"application\/ld+json\" class=\"yoast-schema-graph\">{\"@context\":\"https:\/\/schema.org\",\"@graph\":[{\"@type\":\"WebPage\",\"@id\":\"https:\/\/c3.qroo.gob.mx\/index.php\/politica-ambiental-tortuga\/\",\"url\":\"https:\/\/c3.qroo.gob.mx\/index.php\/politica-ambiental-tortuga\/\",\"name\":\"Pol\u00edtica Ambiental Tortuga - C3\",\"isPartOf\":{\"@id\":\"https:\/\/c3.qroo.gob.mx\/#website\"},\"primaryImageOfPage\":{\"@id\":\"https:\/\/c3.qroo.gob.mx\/index.php\/politica-ambiental-tortuga\/#primaryimage\"},\"image\":{\"@id\":\"https:\/\/c3.qroo.gob.mx\/index.php\/politica-ambiental-tortuga\/#primaryimage\"},\"thumbnailUrl\":\"https:\/\/c3.qroo.gob.mx\/homologacion\/wp-content\/uploads\/2025\/04\/tortuga-1024x685.jpeg\",\"datePublished\":\"2025-04-01T14:46:58+00:00\",\"dateModified\":\"2025-06-16T20:55:15+00:00\",\"breadcrumb\":{\"@id\":\"https:\/\/c3.qroo.gob.mx\/index.php\/politica-ambiental-tortuga\/#breadcrumb\"},\"inLanguage\":\"es\",\"potentialAction\":[{\"@type\":\"ReadAction\",\"target\":[\"https:\/\/c3.qroo.gob.mx\/index.php\/politica-ambiental-tortuga\/\"]}]},{\"@type\":\"ImageObject\",\"inLanguage\":\"es\",\"@id\":\"https:\/\/c3.qroo.gob.mx\/index.php\/politica-ambiental-tortuga\/#primaryimage\",\"url\":\"https:\/\/c3.qroo.gob.mx\/wp-content\/uploads\/2025\/04\/tortuga.jpeg\",\"contentUrl\":\"https:\/\/c3.qroo.gob.mx\/wp-content\/uploads\/2025\/04\/tortuga.jpeg\",\"width\":1600,\"height\":1070},{\"@type\":\"BreadcrumbList\",\"@id\":\"https:\/\/c3.qroo.gob.mx\/index.php\/politica-ambiental-tortuga\/#breadcrumb\",\"itemListElement\":[{\"@type\":\"ListItem\",\"position\":1,\"name\":\"Inicio\",\"item\":\"https:\/\/c3.qroo.gob.mx\/\"},{\"@type\":\"ListItem\",\"position\":2,\"name\":\"Pol\u00edtica Ambiental Tortuga\"}]},{\"@type\":\"WebSite\",\"@id\":\"https:\/\/c3.qroo.gob.mx\/#website\",\"url\":\"https:\/\/c3.qroo.gob.mx\/\",\"name\":\"C3\",\"description\":\"\",\"publisher\":{\"@id\":\"https:\/\/c3.qroo.gob.mx\/#organization\"},\"potentialAction\":[{\"@type\":\"SearchAction\",\"target\":{\"@type\":\"EntryPoint\",\"urlTemplate\":\"https:\/\/c3.qroo.gob.mx\/?s={search_term_string}\"},\"query-input\":{\"@type\":\"PropertyValueSpecification\",\"valueRequired\":true,\"valueName\":\"search_term_string\"}}],\"inLanguage\":\"es\"},{\"@type\":\"Organization\",\"@id\":\"https:\/\/c3.qroo.gob.mx\/#organization\",\"name\":\"C3\",\"url\":\"https:\/\/c3.qroo.gob.mx\/\",\"logo\":{\"@type\":\"ImageObject\",\"inLanguage\":\"es\",\"@id\":\"https:\/\/c3.qroo.gob.mx\/#\/schema\/logo\/image\/\",\"url\":\"https:\/\/c3.qroo.gob.mx\/wp-content\/uploads\/2025\/04\/ESCUDO-Q-C3_.png\",\"contentUrl\":\"https:\/\/c3.qroo.gob.mx\/wp-content\/uploads\/2025\/04\/ESCUDO-Q-C3_.png\",\"width\":1349,\"height\":576,\"caption\":\"C3\"},\"image\":{\"@id\":\"https:\/\/c3.qroo.gob.mx\/#\/schema\/logo\/image\/\"}}]}<\/script>\n<!-- \/ Yoast SEO plugin. -->","yoast_head_json":{"title":"Pol\u00edtica Ambiental Tortuga - C3","robots":{"index":"index","follow":"follow","max-snippet":"max-snippet:-1","max-image-preview":"max-image-preview:large","max-video-preview":"max-video-preview:-1"},"canonical":"https:\/\/c3.qroo.gob.mx\/index.php\/politica-ambiental-tortuga\/","og_locale":"es_MX","og_type":"article","og_title":"Pol\u00edtica Ambiental Tortuga - C3","og_description":"Semana estatal de la tortuga marina D\u00cdA INTERNACIONAL DE LA ABEJA 17 de agosto Julio MES ESTATAL DEL TIBUR\u00d3N SEMANA ESTATAL DE LA TORTUGA MARINA 1-8 Mayo NAVIDAD SUSTENTABLE MES DEL MANAT\u00cd 1 al 8 de septiembre","og_url":"https:\/\/c3.qroo.gob.mx\/index.php\/politica-ambiental-tortuga\/","og_site_name":"C3","article_modified_time":"2025-06-16T20:55:15+00:00","og_image":[{"url":"https:\/\/c3.qroo.gob.mx\/homologacion\/wp-content\/uploads\/2025\/04\/tortuga-1024x685.jpeg"}],"twitter_card":"summary_large_image","twitter_misc":{"Tiempo de lectura":"2 minutos"},"schema":{"@context":"https:\/\/schema.org","@graph":[{"@type":"WebPage","@id":"https:\/\/c3.qroo.gob.mx\/index.php\/politica-ambiental-tortuga\/","url":"https:\/\/c3.qroo.gob.mx\/index.php\/politica-ambiental-tortuga\/","name":"Pol\u00edtica Ambiental Tortuga - C3","isPartOf":{"@id":"https:\/\/c3.qroo.gob.mx\/#website"},"primaryImageOfPage":{"@id":"https:\/\/c3.qroo.gob.mx\/index.php\/politica-ambiental-tortuga\/#primaryimage"},"image":{"@id":"https:\/\/c3.qroo.gob.mx\/index.php\/politica-ambiental-tortuga\/#primaryimage"},"thumbnailUrl":"https:\/\/c3.qroo.gob.mx\/homologacion\/wp-content\/uploads\/2025\/04\/tortuga-1024x685.jpeg","datePublished":"2025-04-01T14:46:58+00:00","dateModified":"2025-06-16T20:55:15+00:00","breadcrumb":{"@id":"https:\/\/c3.qroo.gob.mx\/index.php\/politica-ambiental-tortuga\/#breadcrumb"},"inLanguage":"es","potentialAction":[{"@type":"ReadAction","target":["https:\/\/c3.qroo.gob.mx\/index.php\/politica-ambiental-tortuga\/"]}]},{"@type":"ImageObject","inLanguage":"es","@id":"https:\/\/c3.qroo.gob.mx\/index.php\/politica-ambiental-tortuga\/#primaryimage","url":"https:\/\/c3.qroo.gob.mx\/wp-content\/uploads\/2025\/04\/tortuga.jpeg","contentUrl":"https:\/\/c3.qroo.gob.mx\/wp-content\/uploads\/2025\/04\/tortuga.jpeg","width":1600,"height":1070},{"@type":"BreadcrumbList","@id":"https:\/\/c3.qroo.gob.mx\/index.php\/politica-ambiental-tortuga\/#breadcrumb","itemListElement":[{"@type":"ListItem","position":1,"name":"Inicio","item":"https:\/\/c3.qroo.gob.mx\/"},{"@type":"ListItem","position":2,"name":"Pol\u00edtica Ambiental Tortuga"}]},{"@type":"WebSite","@id":"https:\/\/c3.qroo.gob.mx\/#website","url":"https:\/\/c3.qroo.gob.mx\/","name":"C3","description":"","publisher":{"@id":"https:\/\/c3.qroo.gob.mx\/#organization"},"potentialAction":[{"@type":"SearchAction","target":{"@type":"EntryPoint","urlTemplate":"https:\/\/c3.qroo.gob.mx\/?s={search_term_string}"},"query-input":{"@type":"PropertyValueSpecification","valueRequired":true,"valueName":"search_term_string"}}],"inLanguage":"es"},{"@type":"Organization","@id":"https:\/\/c3.qroo.gob.mx\/#organization","name":"C3","url":"https:\/\/c3.qroo.gob.mx\/","logo":{"@type":"ImageObject","inLanguage":"es","@id":"https:\/\/c3.qroo.gob.mx\/#\/schema\/logo\/image\/","url":"https:\/\/c3.qroo.gob.mx\/wp-content\/uploads\/2025\/04\/ESCUDO-Q-C3_.png","contentUrl":"https:\/\/c3.qroo.gob.mx\/wp-content\/uploads\/2025\/04\/ESCUDO-Q-C3_.png","width":1349,"height":576,"caption":"C3"},"image":{"@id":"https:\/\/c3.qroo.gob.mx\/#\/schema\/logo\/image\/"}}]}},"_links":{"self":[{"href":"https:\/\/c3.qroo.gob.mx\/index.php\/wp-json\/wp\/v2\/pages\/36104"}],"collection":[{"href":"https:\/\/c3.qroo.gob.mx\/index.php\/wp-json\/wp\/v2\/pages"}],"about":[{"href":"https:\/\/c3.qroo.gob.mx\/index.php\/wp-json\/wp\/v2\/types\/page"}],"author":[{"embeddable":true,"href":"https:\/\/c3.qroo.gob.mx\/index.php\/wp-json\/wp\/v2\/users\/1"}],"replies":[{"embeddable":true,"href":"https:\/\/c3.qroo.gob.mx\/index.php\/wp-json\/wp\/v2\/comments?post=36104"}],"version-history":[{"count":58,"href":"https:\/\/c3.qroo.gob.mx\/index.php\/wp-json\/wp\/v2\/pages\/36104\/revisions"}],"predecessor-version":[{"id":36886,"href":"https:\/\/c3.qroo.gob.mx\/index.php\/wp-json\/wp\/v2\/pages\/36104\/revisions\/36886"}],"wp:attachment":[{"href":"https:\/\/c3.qroo.gob.mx\/index.php\/wp-json\/wp\/v2\/media?parent=36104"}],"curies":[{"name":"wp","href":"https:\/\/api.w.org\/{rel}","templated":true}]}}