{"id":36108,"date":"2025-04-01T09:47:30","date_gmt":"2025-04-01T14:47:30","guid":{"rendered":"https:\/\/c3.qroo.gob.mx\/homologacion\/?page_id=36108"},"modified":"2026-04-23T14:49:45","modified_gmt":"2026-04-23T19:49:45","slug":"transparencia","status":"publish","type":"page","link":"https:\/\/c3.qroo.gob.mx\/index.php\/transparencia\/","title":{"rendered":"Transparencia"},"content":{"rendered":"\t\t<div data-elementor-type=\"wp-page\" data-elementor-id=\"36108\" class=\"elementor elementor-36108\">\n\t\t\t\t<div class=\"elementor-element elementor-element-afe0b3b e-flex e-con-boxed e-con e-parent\" data-id=\"afe0b3b\" data-element_type=\"container\">\n\t\t\t\t\t<div class=\"e-con-inner\">\n\t\t\t\t<div class=\"elementor-element elementor-element-d105f13 elementor-widget elementor-widget-spacer\" data-id=\"d105f13\" data-element_type=\"widget\" data-widget_type=\"spacer.default\">\n\t\t\t\t<div class=\"elementor-widget-container\">\n\t\t\t\t\t<div class=\"elementor-spacer\">\n\t\t\t<div class=\"elementor-spacer-inner\"><\/div>\n\t\t<\/div>\n\t\t\t\t<\/div>\n\t\t\t\t<\/div>\n\t\t\t\t<div class=\"elementor-element elementor-element-a382aa8 elementor-widget elementor-widget-heading\" data-id=\"a382aa8\" data-element_type=\"widget\" data-widget_type=\"heading.default\">\n\t\t\t\t<div class=\"elementor-widget-container\">\n\t\t\t<h2 class=\"elementor-heading-title elementor-size-default\"><span style=\"font-weight: 700\">Comit\u00e9 de Transparencia<\/span><\/h2>\t\t<\/div>\n\t\t\t\t<\/div>\n\t\t\t\t<div class=\"elementor-element elementor-element-858f1b8 elementor-widget elementor-widget-spacer\" data-id=\"858f1b8\" data-element_type=\"widget\" data-widget_type=\"spacer.default\">\n\t\t\t\t<div class=\"elementor-widget-container\">\n\t\t\t\t\t<div class=\"elementor-spacer\">\n\t\t\t<div class=\"elementor-spacer-inner\"><\/div>\n\t\t<\/div>\n\t\t\t\t<\/div>\n\t\t\t\t<\/div>\n\t\t\t\t<div class=\"elementor-element elementor-element-37ab0c9 elementor-widget elementor-widget-text-editor\" data-id=\"37ab0c9\" data-element_type=\"widget\" data-widget_type=\"text-editor.default\">\n\t\t\t\t<div class=\"elementor-widget-container\">\n\t\t\t\t\t\t\t<p style=\"text-align: Justify;\">El Comit\u00e9 de Transparencia del Centro Estatal de Evaluaci\u00f3n y Control de Confianza, bajo supervisi\u00f3n de la Persona Titular del Centro Estatal de Evaluaci\u00f3n y Control de Confianza, opera con base en los principios de imparcialidad, legalidad, objetividad, transparencia y profesionalismo, dando as\u00ed cabal cumplimiento al Art\u00edculo 60 de la Ley de Transparencia y Acceso a la Informaci\u00f3n P\u00fablica para el Estado de Quintana Roo. Siendo el \u00d3rgano Colegiado responsable de coordinar y realizar las acciones necesarias para hacer efectivos los derechos de acceso a la informaci\u00f3n y protecci\u00f3n de datos personales en posesi\u00f3n de cualquier autoridad, entidad, \u00f3rgano y organismo de los poderes Legislativo, Ejecutivo y Judicial, municipios, \u00f3rganos p\u00fablicos aut\u00f3nomos, partidos pol\u00edticos, fideicomisos y fondos p\u00fablicos, as\u00ed como de cualquier persona f\u00edsica, moral o sindicato que reciban y ejerzan recursos p\u00fablicos o realicen actos de autoridad en el \u00e1mbito estatal o municipal.<\/p><p style=\"text-align: Justify;\"><br \/>Contacto: transparencia.c3@qroo.gob.mx<\/p>\t\t\t\t\t\t<\/div>\n\t\t\t\t<\/div>\n\t\t\t\t<div class=\"elementor-element elementor-element-972e362 elementor-widget elementor-widget-spacer\" data-id=\"972e362\" data-element_type=\"widget\" data-widget_type=\"spacer.default\">\n\t\t\t\t<div class=\"elementor-widget-container\">\n\t\t\t\t\t<div class=\"elementor-spacer\">\n\t\t\t<div class=\"elementor-spacer-inner\"><\/div>\n\t\t<\/div>\n\t\t\t\t<\/div>\n\t\t\t\t<\/div>\n\t\t<div class=\"elementor-element elementor-element-dd52635 e-con-full e-flex e-con e-child\" data-id=\"dd52635\" data-element_type=\"container\">\n\t\t\t\t<div class=\"elementor-element elementor-element-a21e090 elementor-widget elementor-widget-image\" data-id=\"a21e090\" data-element_type=\"widget\" data-widget_type=\"image.default\">\n\t\t\t\t<div class=\"elementor-widget-container\">\n\t\t\t\t\t\t\t\t\t\t\t\t\t<img fetchpriority=\"high\" decoding=\"async\" width=\"1024\" height=\"575\" src=\"https:\/\/c3.qroo.gob.mx\/wp-content\/uploads\/2025\/08\/organigrama-transparencia-2025-1024x575.png\" class=\"attachment-large size-large wp-image-36968\" alt=\"\" srcset=\"https:\/\/c3.qroo.gob.mx\/wp-content\/uploads\/2025\/08\/organigrama-transparencia-2025-1024x575.png 1024w, https:\/\/c3.qroo.gob.mx\/wp-content\/uploads\/2025\/08\/organigrama-transparencia-2025-300x169.png 300w, https:\/\/c3.qroo.gob.mx\/wp-content\/uploads\/2025\/08\/organigrama-transparencia-2025-768x432.png 768w, https:\/\/c3.qroo.gob.mx\/wp-content\/uploads\/2025\/08\/organigrama-transparencia-2025-1536x863.png 1536w, https:\/\/c3.qroo.gob.mx\/wp-content\/uploads\/2025\/08\/organigrama-transparencia-2025.png 2000w\" sizes=\"(max-width: 1024px) 100vw, 1024px\" \/>\t\t\t\t\t\t\t\t\t\t\t\t\t<\/div>\n\t\t\t\t<\/div>\n\t\t\t\t<\/div>\n\t\t\t\t\t<\/div>\n\t\t\t\t<\/div>\n\t\t<div class=\"elementor-element elementor-element-964e963 e-flex e-con-boxed e-con e-parent\" data-id=\"964e963\" data-element_type=\"container\">\n\t\t\t\t\t<div class=\"e-con-inner\">\n\t\t\t\t<div class=\"elementor-element elementor-element-4ef0502 elementor-widget elementor-widget-spacer\" data-id=\"4ef0502\" data-element_type=\"widget\" data-widget_type=\"spacer.default\">\n\t\t\t\t<div class=\"elementor-widget-container\">\n\t\t\t\t\t<div class=\"elementor-spacer\">\n\t\t\t<div class=\"elementor-spacer-inner\"><\/div>\n\t\t<\/div>\n\t\t\t\t<\/div>\n\t\t\t\t<\/div>\n\t\t\t\t<div class=\"elementor-element elementor-element-b6e02a5 elementor-widget elementor-widget-heading\" data-id=\"b6e02a5\" data-element_type=\"widget\" data-widget_type=\"heading.default\">\n\t\t\t\t<div class=\"elementor-widget-container\">\n\t\t\t<h2 class=\"elementor-heading-title elementor-size-default\">Integrantes<\/h2>\t\t<\/div>\n\t\t\t\t<\/div>\n\t\t\t\t<div class=\"elementor-element elementor-element-c055e1b elementor-widget elementor-widget-spacer\" data-id=\"c055e1b\" data-element_type=\"widget\" data-widget_type=\"spacer.default\">\n\t\t\t\t<div class=\"elementor-widget-container\">\n\t\t\t\t\t<div class=\"elementor-spacer\">\n\t\t\t<div class=\"elementor-spacer-inner\"><\/div>\n\t\t<\/div>\n\t\t\t\t<\/div>\n\t\t\t\t<\/div>\n\t\t\t\t<div class=\"elementor-element elementor-element-377fb20 elementor-widget elementor-widget-eael-image-accordion\" data-id=\"377fb20\" data-element_type=\"widget\" data-widget_type=\"eael-image-accordion.default\">\n\t\t\t\t<div class=\"elementor-widget-container\">\n\t\t\t    <div class=\"eael-img-accordion accordion-direction-horizontal eael-img-accordion-horizontal-align-center eael-img-accordion-vertical-align-center\" id=\"eael-img-accordion-377fb20\" data-img-accordion-id=\"377fb20\" data-img-accordion-type=\"on-hover\">\n                    \n            <div class=\"eael-image-accordion-hover eael-image-accordion-item overlay-active\" style=\"background-image: url(https:\/\/c3.qroo.gob.mx\/wp-content\/uploads\/2025\/08\/comite.jpg); flex: 3 1 0%;\"  tabindex=\"0\">\n                <div class=\"overlay\">\n                    <div class=\"overlay-inner  overlay-inner-show\">\n                                            <\/div>\n                <\/div>\n            <\/div>\n                    \n            <div class=\"eael-image-accordion-hover eael-image-accordion-item\" style=\"background-image: url(https:\/\/c3.qroo.gob.mx\/wp-content\/uploads\/2025\/06\/transparencia-comite.jpeg);\"  tabindex=\"0\">\n                <div class=\"overlay\">\n                    <div class=\"overlay-inner \">\n                                            <\/div>\n                <\/div>\n            <\/div>\n                <\/div>\n        <style typr=\"text\/css\">\n                    #eael-img-accordion-377fb20 .eael-image-accordion-hover:hover {\n                        flex: 3 1 0% !important;\n                    }\n                    #eael-img-accordion-377fb20 .eael-image-accordion-hover:hover:hover .overlay-inner * {\n                        opacity: 1;\n                        visibility: visible;\n                        transform: none;\n                        transition: all .3s .3s;\n                    }\n                <\/style>\t\t<\/div>\n\t\t\t\t<\/div>\n\t\t\t\t<div class=\"elementor-element elementor-element-bea4fdc elementor-widget-divider--view-line elementor-widget elementor-widget-divider\" data-id=\"bea4fdc\" data-element_type=\"widget\" data-widget_type=\"divider.default\">\n\t\t\t\t<div class=\"elementor-widget-container\">\n\t\t\t\t\t<div class=\"elementor-divider\">\n\t\t\t<span class=\"elementor-divider-separator\">\n\t\t\t\t\t\t<\/span>\n\t\t<\/div>\n\t\t\t\t<\/div>\n\t\t\t\t<\/div>\n\t\t\t\t<div class=\"elementor-element elementor-element-4444341 elementor-widget elementor-widget-spacer\" data-id=\"4444341\" data-element_type=\"widget\" data-widget_type=\"spacer.default\">\n\t\t\t\t<div class=\"elementor-widget-container\">\n\t\t\t\t\t<div class=\"elementor-spacer\">\n\t\t\t<div class=\"elementor-spacer-inner\"><\/div>\n\t\t<\/div>\n\t\t\t\t<\/div>\n\t\t\t\t<\/div>\n\t\t\t\t<div class=\"elementor-element elementor-element-d5c763c elementor-widget elementor-widget-html\" data-id=\"d5c763c\" data-element_type=\"widget\" data-widget_type=\"html.default\">\n\t\t\t\t<div class=\"elementor-widget-container\">\n\t\t\t\n<embed src=\"https:\/\/c3.qroo.gob.mx\/\/wp-content\/uploads\/2025\/06\/Calendario-de-Sesiones-de-Comite-2025.pdf\" width=\"100%\" height=\"750px\">\t\t<\/div>\n\t\t\t\t<\/div>\n\t\t\t\t<div class=\"elementor-element elementor-element-d55ce26 elementor-widget elementor-widget-spacer\" data-id=\"d55ce26\" data-element_type=\"widget\" data-widget_type=\"spacer.default\">\n\t\t\t\t<div class=\"elementor-widget-container\">\n\t\t\t\t\t<div class=\"elementor-spacer\">\n\t\t\t<div class=\"elementor-spacer-inner\"><\/div>\n\t\t<\/div>\n\t\t\t\t<\/div>\n\t\t\t\t<\/div>\n\t\t\t\t<div class=\"elementor-element elementor-element-ea64cb9 elementor-widget elementor-widget-spacer\" data-id=\"ea64cb9\" data-element_type=\"widget\" data-widget_type=\"spacer.default\">\n\t\t\t\t<div class=\"elementor-widget-container\">\n\t\t\t\t\t<div class=\"elementor-spacer\">\n\t\t\t<div class=\"elementor-spacer-inner\"><\/div>\n\t\t<\/div>\n\t\t\t\t<\/div>\n\t\t\t\t<\/div>\n\t\t\t\t\t\t\t<div data-eael_opacity=\"{&quot;opacity&quot;:0.64}\" data-eael_duration=\"{&quot;transitionDuration&quot;:1000}\" data-eael_easing=\"{&quot;transitionEasing&quot;:&quot;ease&quot;}\" data-eael_hover_duration=\"{&quot;transitionDuration&quot;:1000}\" data-eael_hover_easing=\"{&quot;transitionEasing&quot;:&quot;ease&quot;}\" class=\"eael_hover_effect elementor-element elementor-element-ec030ef zoom-button  elementor-widget__width-inherit elementor-widget elementor-widget-image\" data-id=\"ec030ef\" data-element_type=\"widget\" data-settings=\"{&quot;eael_hover_effect_general_settings_easing&quot;:&quot;ease&quot;,&quot;eael_hover_effect_general_settings_hover_easing&quot;:&quot;ease&quot;}\" data-widget_type=\"image.default\">\n\t\t\t\t<div class=\"elementor-widget-container\">\n\t\t\t\t\t\t\t\t\t\t\t\t\t\t<a href=\"https:\/\/consultapublicamx.plataformadetransparencia.org.mx\/vut-web\/?idSujetoObigadoParametro=27383&#038;idEntidadParametro=23&#038;idSectorParametro=24\">\n\t\t\t\t\t\t\t<img decoding=\"async\" width=\"1024\" height=\"517\" src=\"https:\/\/c3.qroo.gob.mx\/wp-content\/uploads\/2025\/06\/logo_transparencia-1024x517.png\" class=\"attachment-large size-large wp-image-36628\" alt=\"\" srcset=\"https:\/\/c3.qroo.gob.mx\/wp-content\/uploads\/2025\/06\/logo_transparencia-1024x517.png 1024w, https:\/\/c3.qroo.gob.mx\/wp-content\/uploads\/2025\/06\/logo_transparencia-300x151.png 300w, https:\/\/c3.qroo.gob.mx\/wp-content\/uploads\/2025\/06\/logo_transparencia-768x388.png 768w, https:\/\/c3.qroo.gob.mx\/wp-content\/uploads\/2025\/06\/logo_transparencia-1536x775.png 1536w, https:\/\/c3.qroo.gob.mx\/wp-content\/uploads\/2025\/06\/logo_transparencia.png 1835w\" sizes=\"(max-width: 1024px) 100vw, 1024px\" \/>\t\t\t\t\t\t\t\t<\/a>\n\t\t\t\t\t\t\t\t\t\t\t\t\t<\/div>\n\t\t\t\t<\/div>\n\t\t\t\t\t<\/div>\n\t\t\t\t<\/div>\n\t\t\t\t<\/div>\n\t\t","protected":false},"excerpt":{"rendered":"<p>Comit\u00e9 de Transparencia El Comit\u00e9 de Transparencia del Centro Estatal de Evaluaci\u00f3n y Control de Confianza, bajo supervisi\u00f3n de la Persona Titular del Centro Estatal de Evaluaci\u00f3n y Control de Confianza, opera con base en los principios de imparcialidad, legalidad, objetividad, transparencia y profesionalismo, dando as\u00ed cabal cumplimiento al Art\u00edculo 60 de la Ley de &#8230; <a title=\"Transparencia\" class=\"read-more\" href=\"https:\/\/c3.qroo.gob.mx\/index.php\/transparencia\/\" aria-label=\"Leer m\u00e1s sobre Transparencia\">Leer m\u00e1s<\/a><\/p>\n","protected":false},"author":1,"featured_media":0,"parent":0,"menu_order":0,"comment_status":"closed","ping_status":"closed","template":"","meta":{"footnotes":""},"class_list":["post-36108","page","type-page","status-publish"],"yoast_head":"<!-- This site is optimized with the Yoast SEO plugin v23.6 - https:\/\/yoast.com\/wordpress\/plugins\/seo\/ -->\n<title>Transparencia - C3<\/title>\n<meta name=\"robots\" content=\"index, follow, max-snippet:-1, max-image-preview:large, max-video-preview:-1\" \/>\n<link rel=\"canonical\" href=\"https:\/\/c3.qroo.gob.mx\/index.php\/transparencia\/\" \/>\n<meta property=\"og:locale\" content=\"es_MX\" \/>\n<meta property=\"og:type\" content=\"article\" \/>\n<meta property=\"og:title\" content=\"Transparencia - C3\" \/>\n<meta property=\"og:description\" content=\"Comit\u00e9 de Transparencia El Comit\u00e9 de Transparencia del Centro Estatal de Evaluaci\u00f3n y Control de Confianza, bajo supervisi\u00f3n de la Persona Titular del Centro Estatal de Evaluaci\u00f3n y Control de Confianza, opera con base en los principios de imparcialidad, legalidad, objetividad, transparencia y profesionalismo, dando as\u00ed cabal cumplimiento al Art\u00edculo 60 de la Ley de ... Leer m\u00e1s\" \/>\n<meta property=\"og:url\" content=\"https:\/\/c3.qroo.gob.mx\/index.php\/transparencia\/\" \/>\n<meta property=\"og:site_name\" content=\"C3\" \/>\n<meta property=\"article:modified_time\" content=\"2026-04-23T19:49:45+00:00\" \/>\n<meta property=\"og:image\" content=\"https:\/\/c3.qroo.gob.mx\/wp-content\/uploads\/2025\/08\/organigrama-transparencia-2025.png\" \/>\n\t<meta property=\"og:image:width\" content=\"2000\" \/>\n\t<meta property=\"og:image:height\" content=\"1124\" \/>\n\t<meta property=\"og:image:type\" content=\"image\/png\" \/>\n<meta name=\"twitter:card\" content=\"summary_large_image\" \/>\n<meta name=\"twitter:label1\" content=\"Tiempo de lectura\" \/>\n\t<meta name=\"twitter:data1\" content=\"2 minutos\" \/>\n<script type=\"application\/ld+json\" class=\"yoast-schema-graph\">{\"@context\":\"https:\/\/schema.org\",\"@graph\":[{\"@type\":\"WebPage\",\"@id\":\"https:\/\/c3.qroo.gob.mx\/index.php\/transparencia\/\",\"url\":\"https:\/\/c3.qroo.gob.mx\/index.php\/transparencia\/\",\"name\":\"Transparencia - C3\",\"isPartOf\":{\"@id\":\"https:\/\/c3.qroo.gob.mx\/#website\"},\"primaryImageOfPage\":{\"@id\":\"https:\/\/c3.qroo.gob.mx\/index.php\/transparencia\/#primaryimage\"},\"image\":{\"@id\":\"https:\/\/c3.qroo.gob.mx\/index.php\/transparencia\/#primaryimage\"},\"thumbnailUrl\":\"https:\/\/c3.qroo.gob.mx\/wp-content\/uploads\/2025\/08\/organigrama-transparencia-2025-1024x575.png\",\"datePublished\":\"2025-04-01T14:47:30+00:00\",\"dateModified\":\"2026-04-23T19:49:45+00:00\",\"breadcrumb\":{\"@id\":\"https:\/\/c3.qroo.gob.mx\/index.php\/transparencia\/#breadcrumb\"},\"inLanguage\":\"es\",\"potentialAction\":[{\"@type\":\"ReadAction\",\"target\":[\"https:\/\/c3.qroo.gob.mx\/index.php\/transparencia\/\"]}]},{\"@type\":\"ImageObject\",\"inLanguage\":\"es\",\"@id\":\"https:\/\/c3.qroo.gob.mx\/index.php\/transparencia\/#primaryimage\",\"url\":\"https:\/\/c3.qroo.gob.mx\/wp-content\/uploads\/2025\/08\/organigrama-transparencia-2025.png\",\"contentUrl\":\"https:\/\/c3.qroo.gob.mx\/wp-content\/uploads\/2025\/08\/organigrama-transparencia-2025.png\",\"width\":2000,\"height\":1124},{\"@type\":\"BreadcrumbList\",\"@id\":\"https:\/\/c3.qroo.gob.mx\/index.php\/transparencia\/#breadcrumb\",\"itemListElement\":[{\"@type\":\"ListItem\",\"position\":1,\"name\":\"Inicio\",\"item\":\"https:\/\/c3.qroo.gob.mx\/\"},{\"@type\":\"ListItem\",\"position\":2,\"name\":\"Transparencia\"}]},{\"@type\":\"WebSite\",\"@id\":\"https:\/\/c3.qroo.gob.mx\/#website\",\"url\":\"https:\/\/c3.qroo.gob.mx\/\",\"name\":\"C3\",\"description\":\"\",\"publisher\":{\"@id\":\"https:\/\/c3.qroo.gob.mx\/#organization\"},\"potentialAction\":[{\"@type\":\"SearchAction\",\"target\":{\"@type\":\"EntryPoint\",\"urlTemplate\":\"https:\/\/c3.qroo.gob.mx\/?s={search_term_string}\"},\"query-input\":{\"@type\":\"PropertyValueSpecification\",\"valueRequired\":true,\"valueName\":\"search_term_string\"}}],\"inLanguage\":\"es\"},{\"@type\":\"Organization\",\"@id\":\"https:\/\/c3.qroo.gob.mx\/#organization\",\"name\":\"C3\",\"url\":\"https:\/\/c3.qroo.gob.mx\/\",\"logo\":{\"@type\":\"ImageObject\",\"inLanguage\":\"es\",\"@id\":\"https:\/\/c3.qroo.gob.mx\/#\/schema\/logo\/image\/\",\"url\":\"https:\/\/c3.qroo.gob.mx\/wp-content\/uploads\/2025\/04\/ESCUDO-Q-C3_.png\",\"contentUrl\":\"https:\/\/c3.qroo.gob.mx\/wp-content\/uploads\/2025\/04\/ESCUDO-Q-C3_.png\",\"width\":1349,\"height\":576,\"caption\":\"C3\"},\"image\":{\"@id\":\"https:\/\/c3.qroo.gob.mx\/#\/schema\/logo\/image\/\"}}]}<\/script>\n<!-- \/ Yoast SEO plugin. -->","yoast_head_json":{"title":"Transparencia - C3","robots":{"index":"index","follow":"follow","max-snippet":"max-snippet:-1","max-image-preview":"max-image-preview:large","max-video-preview":"max-video-preview:-1"},"canonical":"https:\/\/c3.qroo.gob.mx\/index.php\/transparencia\/","og_locale":"es_MX","og_type":"article","og_title":"Transparencia - C3","og_description":"Comit\u00e9 de Transparencia El Comit\u00e9 de Transparencia del Centro Estatal de Evaluaci\u00f3n y Control de Confianza, bajo supervisi\u00f3n de la Persona Titular del Centro Estatal de Evaluaci\u00f3n y Control de Confianza, opera con base en los principios de imparcialidad, legalidad, objetividad, transparencia y profesionalismo, dando as\u00ed cabal cumplimiento al Art\u00edculo 60 de la Ley de ... Leer m\u00e1s","og_url":"https:\/\/c3.qroo.gob.mx\/index.php\/transparencia\/","og_site_name":"C3","article_modified_time":"2026-04-23T19:49:45+00:00","og_image":[{"width":2000,"height":1124,"url":"https:\/\/c3.qroo.gob.mx\/wp-content\/uploads\/2025\/08\/organigrama-transparencia-2025.png","type":"image\/png"}],"twitter_card":"summary_large_image","twitter_misc":{"Tiempo de lectura":"2 minutos"},"schema":{"@context":"https:\/\/schema.org","@graph":[{"@type":"WebPage","@id":"https:\/\/c3.qroo.gob.mx\/index.php\/transparencia\/","url":"https:\/\/c3.qroo.gob.mx\/index.php\/transparencia\/","name":"Transparencia - C3","isPartOf":{"@id":"https:\/\/c3.qroo.gob.mx\/#website"},"primaryImageOfPage":{"@id":"https:\/\/c3.qroo.gob.mx\/index.php\/transparencia\/#primaryimage"},"image":{"@id":"https:\/\/c3.qroo.gob.mx\/index.php\/transparencia\/#primaryimage"},"thumbnailUrl":"https:\/\/c3.qroo.gob.mx\/wp-content\/uploads\/2025\/08\/organigrama-transparencia-2025-1024x575.png","datePublished":"2025-04-01T14:47:30+00:00","dateModified":"2026-04-23T19:49:45+00:00","breadcrumb":{"@id":"https:\/\/c3.qroo.gob.mx\/index.php\/transparencia\/#breadcrumb"},"inLanguage":"es","potentialAction":[{"@type":"ReadAction","target":["https:\/\/c3.qroo.gob.mx\/index.php\/transparencia\/"]}]},{"@type":"ImageObject","inLanguage":"es","@id":"https:\/\/c3.qroo.gob.mx\/index.php\/transparencia\/#primaryimage","url":"https:\/\/c3.qroo.gob.mx\/wp-content\/uploads\/2025\/08\/organigrama-transparencia-2025.png","contentUrl":"https:\/\/c3.qroo.gob.mx\/wp-content\/uploads\/2025\/08\/organigrama-transparencia-2025.png","width":2000,"height":1124},{"@type":"BreadcrumbList","@id":"https:\/\/c3.qroo.gob.mx\/index.php\/transparencia\/#breadcrumb","itemListElement":[{"@type":"ListItem","position":1,"name":"Inicio","item":"https:\/\/c3.qroo.gob.mx\/"},{"@type":"ListItem","position":2,"name":"Transparencia"}]},{"@type":"WebSite","@id":"https:\/\/c3.qroo.gob.mx\/#website","url":"https:\/\/c3.qroo.gob.mx\/","name":"C3","description":"","publisher":{"@id":"https:\/\/c3.qroo.gob.mx\/#organization"},"potentialAction":[{"@type":"SearchAction","target":{"@type":"EntryPoint","urlTemplate":"https:\/\/c3.qroo.gob.mx\/?s={search_term_string}"},"query-input":{"@type":"PropertyValueSpecification","valueRequired":true,"valueName":"search_term_string"}}],"inLanguage":"es"},{"@type":"Organization","@id":"https:\/\/c3.qroo.gob.mx\/#organization","name":"C3","url":"https:\/\/c3.qroo.gob.mx\/","logo":{"@type":"ImageObject","inLanguage":"es","@id":"https:\/\/c3.qroo.gob.mx\/#\/schema\/logo\/image\/","url":"https:\/\/c3.qroo.gob.mx\/wp-content\/uploads\/2025\/04\/ESCUDO-Q-C3_.png","contentUrl":"https:\/\/c3.qroo.gob.mx\/wp-content\/uploads\/2025\/04\/ESCUDO-Q-C3_.png","width":1349,"height":576,"caption":"C3"},"image":{"@id":"https:\/\/c3.qroo.gob.mx\/#\/schema\/logo\/image\/"}}]}},"_links":{"self":[{"href":"https:\/\/c3.qroo.gob.mx\/index.php\/wp-json\/wp\/v2\/pages\/36108"}],"collection":[{"href":"https:\/\/c3.qroo.gob.mx\/index.php\/wp-json\/wp\/v2\/pages"}],"about":[{"href":"https:\/\/c3.qroo.gob.mx\/index.php\/wp-json\/wp\/v2\/types\/page"}],"author":[{"embeddable":true,"href":"https:\/\/c3.qroo.gob.mx\/index.php\/wp-json\/wp\/v2\/users\/1"}],"replies":[{"embeddable":true,"href":"https:\/\/c3.qroo.gob.mx\/index.php\/wp-json\/wp\/v2\/comments?post=36108"}],"version-history":[{"count":49,"href":"https:\/\/c3.qroo.gob.mx\/index.php\/wp-json\/wp\/v2\/pages\/36108\/revisions"}],"predecessor-version":[{"id":37580,"href":"https:\/\/c3.qroo.gob.mx\/index.php\/wp-json\/wp\/v2\/pages\/36108\/revisions\/37580"}],"wp:attachment":[{"href":"https:\/\/c3.qroo.gob.mx\/index.php\/wp-json\/wp\/v2\/media?parent=36108"}],"curies":[{"name":"wp","href":"https:\/\/api.w.org\/{rel}","templated":true}]}}