{"id":36454,"date":"2025-06-09T11:32:42","date_gmt":"2025-06-09T16:32:42","guid":{"rendered":"https:\/\/c3.qroo.gob.mx\/homologacion\/?page_id=36454"},"modified":"2026-02-10T13:44:41","modified_gmt":"2026-02-10T18:44:41","slug":"reporte-general","status":"publish","type":"page","link":"https:\/\/c3.qroo.gob.mx\/index.php\/reporte-general\/","title":{"rendered":"Reporte-general"},"content":{"rendered":"\t\t<div data-elementor-type=\"wp-page\" data-elementor-id=\"36454\" class=\"elementor elementor-36454\">\n\t\t\t\t<div class=\"elementor-element elementor-element-c5b257e e-flex e-con-boxed e-con e-parent\" data-id=\"c5b257e\" data-element_type=\"container\">\n\t\t\t\t\t<div class=\"e-con-inner\">\n\t\t\t\t<div class=\"elementor-element elementor-element-a863e88 elementor-widget elementor-widget-spacer\" data-id=\"a863e88\" data-element_type=\"widget\" data-widget_type=\"spacer.default\">\n\t\t\t\t<div class=\"elementor-widget-container\">\n\t\t\t\t\t<div class=\"elementor-spacer\">\n\t\t\t<div class=\"elementor-spacer-inner\"><\/div>\n\t\t<\/div>\n\t\t\t\t<\/div>\n\t\t\t\t<\/div>\n\t\t\t\t<div class=\"elementor-element elementor-element-723e942 elementor-widget elementor-widget-heading\" data-id=\"723e942\" data-element_type=\"widget\" data-widget_type=\"heading.default\">\n\t\t\t\t<div class=\"elementor-widget-container\">\n\t\t\t<h2 class=\"elementor-heading-title elementor-size-default\">MML-08 Reporte General de Integraci\u00f3n Program\u00e1tica Presupuestal con Base en la Metodolog\u00eda de Marco L\u00f3gico<\/h2>\t\t<\/div>\n\t\t\t\t<\/div>\n\t\t\t\t<div class=\"elementor-element elementor-element-52d9d1e elementor-widget elementor-widget-spacer\" data-id=\"52d9d1e\" data-element_type=\"widget\" data-widget_type=\"spacer.default\">\n\t\t\t\t<div class=\"elementor-widget-container\">\n\t\t\t\t\t<div class=\"elementor-spacer\">\n\t\t\t<div class=\"elementor-spacer-inner\"><\/div>\n\t\t<\/div>\n\t\t\t\t<\/div>\n\t\t\t\t<\/div>\n\t\t\t\t<div class=\"elementor-element elementor-element-e17d7cc elementor-widget elementor-widget-spacer\" data-id=\"e17d7cc\" data-element_type=\"widget\" data-widget_type=\"spacer.default\">\n\t\t\t\t<div class=\"elementor-widget-container\">\n\t\t\t\t\t<div class=\"elementor-spacer\">\n\t\t\t<div class=\"elementor-spacer-inner\"><\/div>\n\t\t<\/div>\n\t\t\t\t<\/div>\n\t\t\t\t<\/div>\n\t\t\t\t<div class=\"elementor-element elementor-element-385a3f0 elementor-widget elementor-widget-heading\" data-id=\"385a3f0\" data-element_type=\"widget\" data-widget_type=\"heading.default\">\n\t\t\t\t<div class=\"elementor-widget-container\">\n\t\t\t<h3 class=\"elementor-heading-title elementor-size-default\">2026<\/h3>\t\t<\/div>\n\t\t\t\t<\/div>\n\t\t\t\t<div class=\"elementor-element elementor-element-3eccaac elementor-icon-list--layout-traditional elementor-list-item-link-full_width elementor-widget elementor-widget-icon-list\" data-id=\"3eccaac\" data-element_type=\"widget\" data-widget_type=\"icon-list.default\">\n\t\t\t\t<div class=\"elementor-widget-container\">\n\t\t\t\t\t<ul class=\"elementor-icon-list-items\">\n\t\t\t\t\t\t\t<li class=\"elementor-icon-list-item\">\n\t\t\t\t\t\t\t\t\t\t\t<a href=\"https:\/\/c3.qroo.gob.mx\/wp-content\/uploads\/2026\/02\/MML08-M001-F.pdf\" target=\"_blank\">\n\n\t\t\t\t\t\t\t\t\t\t\t\t<span class=\"elementor-icon-list-icon\">\n\t\t\t\t\t\t\t<svg aria-hidden=\"true\" class=\"e-font-icon-svg e-far-file-pdf\" viewBox=\"0 0 384 512\" xmlns=\"http:\/\/www.w3.org\/2000\/svg\"><path d=\"M369.9 97.9L286 14C277 5 264.8-.1 252.1-.1H48C21.5 0 0 21.5 0 48v416c0 26.5 21.5 48 48 48h288c26.5 0 48-21.5 48-48V131.9c0-12.7-5.1-25-14.1-34zM332.1 128H256V51.9l76.1 76.1zM48 464V48h160v104c0 13.3 10.7 24 24 24h104v288H48zm250.2-143.7c-12.2-12-47-8.7-64.4-6.5-17.2-10.5-28.7-25-36.8-46.3 3.9-16.1 10.1-40.6 5.4-56-4.2-26.2-37.8-23.6-42.6-5.9-4.4 16.1-.4 38.5 7 67.1-10 23.9-24.9 56-35.4 74.4-20 10.3-47 26.2-51 46.2-3.3 15.8 26 55.2 76.1-31.2 22.4-7.4 46.8-16.5 68.4-20.1 18.9 10.2 41 17 55.8 17 25.5 0 28-28.2 17.5-38.7zm-198.1 77.8c5.1-13.7 24.5-29.5 30.4-35-19 30.3-30.4 35.7-30.4 35zm81.6-190.6c7.4 0 6.7 32.1 1.8 40.8-4.4-13.9-4.3-40.8-1.8-40.8zm-24.4 136.6c9.7-16.9 18-37 24.7-54.7 8.3 15.1 18.9 27.2 30.1 35.5-20.8 4.3-38.9 13.1-54.8 19.2zm131.6-5s-5 6-37.3-7.8c35.1-2.6 40.9 5.4 37.3 7.8z\"><\/path><\/svg>\t\t\t\t\t\t<\/span>\n\t\t\t\t\t\t\t\t\t\t<span class=\"elementor-icon-list-text\">MML08-M001 REPORTE GENERAL DE INTEGRACI\u00d3N PROGRAM\u00c1TICA CON BASE EN LA METODOLOG\u00cdA DE MARCO L\u00d3GICO<\/span>\n\t\t\t\t\t\t\t\t\t\t\t<\/a>\n\t\t\t\t\t\t\t\t\t<\/li>\n\t\t\t\t\t\t\t\t<li class=\"elementor-icon-list-item\">\n\t\t\t\t\t\t\t\t\t\t\t<a href=\"https:\/\/c3.qroo.gob.mx\/wp-content\/uploads\/2026\/02\/MML08-G002-F.pdf\" target=\"_blank\">\n\n\t\t\t\t\t\t\t\t\t\t\t\t<span class=\"elementor-icon-list-icon\">\n\t\t\t\t\t\t\t<svg aria-hidden=\"true\" class=\"e-font-icon-svg e-far-file-pdf\" viewBox=\"0 0 384 512\" xmlns=\"http:\/\/www.w3.org\/2000\/svg\"><path d=\"M369.9 97.9L286 14C277 5 264.8-.1 252.1-.1H48C21.5 0 0 21.5 0 48v416c0 26.5 21.5 48 48 48h288c26.5 0 48-21.5 48-48V131.9c0-12.7-5.1-25-14.1-34zM332.1 128H256V51.9l76.1 76.1zM48 464V48h160v104c0 13.3 10.7 24 24 24h104v288H48zm250.2-143.7c-12.2-12-47-8.7-64.4-6.5-17.2-10.5-28.7-25-36.8-46.3 3.9-16.1 10.1-40.6 5.4-56-4.2-26.2-37.8-23.6-42.6-5.9-4.4 16.1-.4 38.5 7 67.1-10 23.9-24.9 56-35.4 74.4-20 10.3-47 26.2-51 46.2-3.3 15.8 26 55.2 76.1-31.2 22.4-7.4 46.8-16.5 68.4-20.1 18.9 10.2 41 17 55.8 17 25.5 0 28-28.2 17.5-38.7zm-198.1 77.8c5.1-13.7 24.5-29.5 30.4-35-19 30.3-30.4 35.7-30.4 35zm81.6-190.6c7.4 0 6.7 32.1 1.8 40.8-4.4-13.9-4.3-40.8-1.8-40.8zm-24.4 136.6c9.7-16.9 18-37 24.7-54.7 8.3 15.1 18.9 27.2 30.1 35.5-20.8 4.3-38.9 13.1-54.8 19.2zm131.6-5s-5 6-37.3-7.8c35.1-2.6 40.9 5.4 37.3 7.8z\"><\/path><\/svg>\t\t\t\t\t\t<\/span>\n\t\t\t\t\t\t\t\t\t\t<span class=\"elementor-icon-list-text\">MML08-G002 REPORTE GENERAL DE INTEGRACI\u00d3N PROGRAM\u00c1TICA CON BASE EN LA METODOLOG\u00cdA DE MARCO L\u00d3GICO<\/span>\n\t\t\t\t\t\t\t\t\t\t\t<\/a>\n\t\t\t\t\t\t\t\t\t<\/li>\n\t\t\t\t\t\t<\/ul>\n\t\t\t\t<\/div>\n\t\t\t\t<\/div>\n\t\t\t\t<div class=\"elementor-element elementor-element-17483ac elementor-widget elementor-widget-heading\" data-id=\"17483ac\" data-element_type=\"widget\" data-widget_type=\"heading.default\">\n\t\t\t\t<div class=\"elementor-widget-container\">\n\t\t\t<h3 class=\"elementor-heading-title elementor-size-default\">2025<\/h3>\t\t<\/div>\n\t\t\t\t<\/div>\n\t\t\t\t<div class=\"elementor-element elementor-element-0f7eb07 elementor-icon-list--layout-traditional elementor-list-item-link-full_width elementor-widget elementor-widget-icon-list\" data-id=\"0f7eb07\" data-element_type=\"widget\" data-widget_type=\"icon-list.default\">\n\t\t\t\t<div class=\"elementor-widget-container\">\n\t\t\t\t\t<ul class=\"elementor-icon-list-items\">\n\t\t\t\t\t\t\t<li class=\"elementor-icon-list-item\">\n\t\t\t\t\t\t\t\t\t\t\t<a href=\"https:\/\/c3.qroo.gob.mx\/\/wp-content\/uploads\/2025\/06\/MML08-M001-2025.pdf\" target=\"_blank\">\n\n\t\t\t\t\t\t\t\t\t\t\t\t<span class=\"elementor-icon-list-icon\">\n\t\t\t\t\t\t\t<svg aria-hidden=\"true\" class=\"e-font-icon-svg e-far-file-pdf\" viewBox=\"0 0 384 512\" xmlns=\"http:\/\/www.w3.org\/2000\/svg\"><path d=\"M369.9 97.9L286 14C277 5 264.8-.1 252.1-.1H48C21.5 0 0 21.5 0 48v416c0 26.5 21.5 48 48 48h288c26.5 0 48-21.5 48-48V131.9c0-12.7-5.1-25-14.1-34zM332.1 128H256V51.9l76.1 76.1zM48 464V48h160v104c0 13.3 10.7 24 24 24h104v288H48zm250.2-143.7c-12.2-12-47-8.7-64.4-6.5-17.2-10.5-28.7-25-36.8-46.3 3.9-16.1 10.1-40.6 5.4-56-4.2-26.2-37.8-23.6-42.6-5.9-4.4 16.1-.4 38.5 7 67.1-10 23.9-24.9 56-35.4 74.4-20 10.3-47 26.2-51 46.2-3.3 15.8 26 55.2 76.1-31.2 22.4-7.4 46.8-16.5 68.4-20.1 18.9 10.2 41 17 55.8 17 25.5 0 28-28.2 17.5-38.7zm-198.1 77.8c5.1-13.7 24.5-29.5 30.4-35-19 30.3-30.4 35.7-30.4 35zm81.6-190.6c7.4 0 6.7 32.1 1.8 40.8-4.4-13.9-4.3-40.8-1.8-40.8zm-24.4 136.6c9.7-16.9 18-37 24.7-54.7 8.3 15.1 18.9 27.2 30.1 35.5-20.8 4.3-38.9 13.1-54.8 19.2zm131.6-5s-5 6-37.3-7.8c35.1-2.6 40.9 5.4 37.3 7.8z\"><\/path><\/svg>\t\t\t\t\t\t<\/span>\n\t\t\t\t\t\t\t\t\t\t<span class=\"elementor-icon-list-text\">MML08-M001 REPORTE GENERAL DE INTEGRACI\u00d3N PROGRAM\u00c1TICA CON BASE EN LA METODOLOG\u00cdA DE MARCO L\u00d3GICO<\/span>\n\t\t\t\t\t\t\t\t\t\t\t<\/a>\n\t\t\t\t\t\t\t\t\t<\/li>\n\t\t\t\t\t\t\t\t<li class=\"elementor-icon-list-item\">\n\t\t\t\t\t\t\t\t\t\t\t<a href=\"https:\/\/c3.qroo.gob.mx\/\/wp-content\/uploads\/2025\/06\/MML08-G002-2025.pdf\" target=\"_blank\">\n\n\t\t\t\t\t\t\t\t\t\t\t\t<span class=\"elementor-icon-list-icon\">\n\t\t\t\t\t\t\t<svg aria-hidden=\"true\" class=\"e-font-icon-svg e-far-file-pdf\" viewBox=\"0 0 384 512\" xmlns=\"http:\/\/www.w3.org\/2000\/svg\"><path d=\"M369.9 97.9L286 14C277 5 264.8-.1 252.1-.1H48C21.5 0 0 21.5 0 48v416c0 26.5 21.5 48 48 48h288c26.5 0 48-21.5 48-48V131.9c0-12.7-5.1-25-14.1-34zM332.1 128H256V51.9l76.1 76.1zM48 464V48h160v104c0 13.3 10.7 24 24 24h104v288H48zm250.2-143.7c-12.2-12-47-8.7-64.4-6.5-17.2-10.5-28.7-25-36.8-46.3 3.9-16.1 10.1-40.6 5.4-56-4.2-26.2-37.8-23.6-42.6-5.9-4.4 16.1-.4 38.5 7 67.1-10 23.9-24.9 56-35.4 74.4-20 10.3-47 26.2-51 46.2-3.3 15.8 26 55.2 76.1-31.2 22.4-7.4 46.8-16.5 68.4-20.1 18.9 10.2 41 17 55.8 17 25.5 0 28-28.2 17.5-38.7zm-198.1 77.8c5.1-13.7 24.5-29.5 30.4-35-19 30.3-30.4 35.7-30.4 35zm81.6-190.6c7.4 0 6.7 32.1 1.8 40.8-4.4-13.9-4.3-40.8-1.8-40.8zm-24.4 136.6c9.7-16.9 18-37 24.7-54.7 8.3 15.1 18.9 27.2 30.1 35.5-20.8 4.3-38.9 13.1-54.8 19.2zm131.6-5s-5 6-37.3-7.8c35.1-2.6 40.9 5.4 37.3 7.8z\"><\/path><\/svg>\t\t\t\t\t\t<\/span>\n\t\t\t\t\t\t\t\t\t\t<span class=\"elementor-icon-list-text\">MML08-G002 REPORTE GENERAL DE INTEGRACI\u00d3N PROGRAM\u00c1TICA CON BASE EN LA METODOLOG\u00cdA DE MARCO L\u00d3GICO<\/span>\n\t\t\t\t\t\t\t\t\t\t\t<\/a>\n\t\t\t\t\t\t\t\t\t<\/li>\n\t\t\t\t\t\t<\/ul>\n\t\t\t\t<\/div>\n\t\t\t\t<\/div>\n\t\t\t\t<div class=\"elementor-element elementor-element-63eaac3 elementor-widget elementor-widget-heading\" data-id=\"63eaac3\" data-element_type=\"widget\" data-widget_type=\"heading.default\">\n\t\t\t\t<div class=\"elementor-widget-container\">\n\t\t\t<h3 class=\"elementor-heading-title elementor-size-default\">2024<\/h3>\t\t<\/div>\n\t\t\t\t<\/div>\n\t\t\t\t<div class=\"elementor-element elementor-element-486f16c elementor-icon-list--layout-traditional elementor-list-item-link-full_width elementor-widget elementor-widget-icon-list\" data-id=\"486f16c\" data-element_type=\"widget\" data-widget_type=\"icon-list.default\">\n\t\t\t\t<div class=\"elementor-widget-container\">\n\t\t\t\t\t<ul class=\"elementor-icon-list-items\">\n\t\t\t\t\t\t\t<li class=\"elementor-icon-list-item\">\n\t\t\t\t\t\t\t\t\t\t\t<a href=\"https:\/\/c3.qroo.gob.mx\/\/wp-content\/uploads\/2025\/06\/MML08-M001-2024.pdf\" target=\"_blank\">\n\n\t\t\t\t\t\t\t\t\t\t\t\t<span class=\"elementor-icon-list-icon\">\n\t\t\t\t\t\t\t<svg aria-hidden=\"true\" class=\"e-font-icon-svg e-far-file-pdf\" viewBox=\"0 0 384 512\" xmlns=\"http:\/\/www.w3.org\/2000\/svg\"><path d=\"M369.9 97.9L286 14C277 5 264.8-.1 252.1-.1H48C21.5 0 0 21.5 0 48v416c0 26.5 21.5 48 48 48h288c26.5 0 48-21.5 48-48V131.9c0-12.7-5.1-25-14.1-34zM332.1 128H256V51.9l76.1 76.1zM48 464V48h160v104c0 13.3 10.7 24 24 24h104v288H48zm250.2-143.7c-12.2-12-47-8.7-64.4-6.5-17.2-10.5-28.7-25-36.8-46.3 3.9-16.1 10.1-40.6 5.4-56-4.2-26.2-37.8-23.6-42.6-5.9-4.4 16.1-.4 38.5 7 67.1-10 23.9-24.9 56-35.4 74.4-20 10.3-47 26.2-51 46.2-3.3 15.8 26 55.2 76.1-31.2 22.4-7.4 46.8-16.5 68.4-20.1 18.9 10.2 41 17 55.8 17 25.5 0 28-28.2 17.5-38.7zm-198.1 77.8c5.1-13.7 24.5-29.5 30.4-35-19 30.3-30.4 35.7-30.4 35zm81.6-190.6c7.4 0 6.7 32.1 1.8 40.8-4.4-13.9-4.3-40.8-1.8-40.8zm-24.4 136.6c9.7-16.9 18-37 24.7-54.7 8.3 15.1 18.9 27.2 30.1 35.5-20.8 4.3-38.9 13.1-54.8 19.2zm131.6-5s-5 6-37.3-7.8c35.1-2.6 40.9 5.4 37.3 7.8z\"><\/path><\/svg>\t\t\t\t\t\t<\/span>\n\t\t\t\t\t\t\t\t\t\t<span class=\"elementor-icon-list-text\">MML08-M001 REPORTE GENERAL DE INTEGRACI\u00d3N PROGRAM\u00c1TICA CON BASE EN LA METODOLOG\u00cdA DE MARCO L\u00d3GICO<\/span>\n\t\t\t\t\t\t\t\t\t\t\t<\/a>\n\t\t\t\t\t\t\t\t\t<\/li>\n\t\t\t\t\t\t\t\t<li class=\"elementor-icon-list-item\">\n\t\t\t\t\t\t\t\t\t\t\t<a href=\"https:\/\/c3.qroo.gob.mx\/\/wp-content\/uploads\/2025\/06\/MML08-G002-2024.pdf\" target=\"_blank\">\n\n\t\t\t\t\t\t\t\t\t\t\t\t<span class=\"elementor-icon-list-icon\">\n\t\t\t\t\t\t\t<svg aria-hidden=\"true\" class=\"e-font-icon-svg e-far-file-pdf\" viewBox=\"0 0 384 512\" xmlns=\"http:\/\/www.w3.org\/2000\/svg\"><path d=\"M369.9 97.9L286 14C277 5 264.8-.1 252.1-.1H48C21.5 0 0 21.5 0 48v416c0 26.5 21.5 48 48 48h288c26.5 0 48-21.5 48-48V131.9c0-12.7-5.1-25-14.1-34zM332.1 128H256V51.9l76.1 76.1zM48 464V48h160v104c0 13.3 10.7 24 24 24h104v288H48zm250.2-143.7c-12.2-12-47-8.7-64.4-6.5-17.2-10.5-28.7-25-36.8-46.3 3.9-16.1 10.1-40.6 5.4-56-4.2-26.2-37.8-23.6-42.6-5.9-4.4 16.1-.4 38.5 7 67.1-10 23.9-24.9 56-35.4 74.4-20 10.3-47 26.2-51 46.2-3.3 15.8 26 55.2 76.1-31.2 22.4-7.4 46.8-16.5 68.4-20.1 18.9 10.2 41 17 55.8 17 25.5 0 28-28.2 17.5-38.7zm-198.1 77.8c5.1-13.7 24.5-29.5 30.4-35-19 30.3-30.4 35.7-30.4 35zm81.6-190.6c7.4 0 6.7 32.1 1.8 40.8-4.4-13.9-4.3-40.8-1.8-40.8zm-24.4 136.6c9.7-16.9 18-37 24.7-54.7 8.3 15.1 18.9 27.2 30.1 35.5-20.8 4.3-38.9 13.1-54.8 19.2zm131.6-5s-5 6-37.3-7.8c35.1-2.6 40.9 5.4 37.3 7.8z\"><\/path><\/svg>\t\t\t\t\t\t<\/span>\n\t\t\t\t\t\t\t\t\t\t<span class=\"elementor-icon-list-text\">MML08-G002 REPORTE GENERAL DE INTEGRACI\u00d3N PROGRAM\u00c1TICA CON BASE EN LA METODOLOG\u00cdA DE MARCO L\u00d3GICO<\/span>\n\t\t\t\t\t\t\t\t\t\t\t<\/a>\n\t\t\t\t\t\t\t\t\t<\/li>\n\t\t\t\t\t\t<\/ul>\n\t\t\t\t<\/div>\n\t\t\t\t<\/div>\n\t\t\t\t<div class=\"elementor-element elementor-element-ccc6dfd elementor-widget elementor-widget-spacer\" data-id=\"ccc6dfd\" data-element_type=\"widget\" data-widget_type=\"spacer.default\">\n\t\t\t\t<div class=\"elementor-widget-container\">\n\t\t\t\t\t<div class=\"elementor-spacer\">\n\t\t\t<div class=\"elementor-spacer-inner\"><\/div>\n\t\t<\/div>\n\t\t\t\t<\/div>\n\t\t\t\t<\/div>\n\t\t\t\t\t<\/div>\n\t\t\t\t<\/div>\n\t\t\t\t<\/div>\n\t\t","protected":false},"excerpt":{"rendered":"<p>MML-08 Reporte General de Integraci\u00f3n Program\u00e1tica Presupuestal con Base en la Metodolog\u00eda de Marco L\u00f3gico 2026 MML08-M001 REPORTE GENERAL DE INTEGRACI\u00d3N PROGRAM\u00c1TICA CON BASE EN LA METODOLOG\u00cdA DE MARCO L\u00d3GICO MML08-G002 REPORTE GENERAL DE INTEGRACI\u00d3N PROGRAM\u00c1TICA CON BASE EN LA METODOLOG\u00cdA DE MARCO L\u00d3GICO 2025 MML08-M001 REPORTE GENERAL DE INTEGRACI\u00d3N PROGRAM\u00c1TICA CON BASE EN LA &#8230; <a title=\"Reporte-general\" class=\"read-more\" href=\"https:\/\/c3.qroo.gob.mx\/index.php\/reporte-general\/\" aria-label=\"Leer m\u00e1s sobre Reporte-general\">Leer m\u00e1s<\/a><\/p>\n","protected":false},"author":5,"featured_media":0,"parent":0,"menu_order":0,"comment_status":"closed","ping_status":"closed","template":"","meta":{"footnotes":""},"class_list":["post-36454","page","type-page","status-publish"],"yoast_head":"<!-- This site is optimized with the Yoast SEO plugin v23.6 - https:\/\/yoast.com\/wordpress\/plugins\/seo\/ -->\n<title>Reporte-general - C3<\/title>\n<meta name=\"robots\" content=\"index, follow, max-snippet:-1, max-image-preview:large, max-video-preview:-1\" \/>\n<link rel=\"canonical\" href=\"https:\/\/c3.qroo.gob.mx\/index.php\/reporte-general\/\" \/>\n<meta property=\"og:locale\" content=\"es_MX\" \/>\n<meta property=\"og:type\" content=\"article\" \/>\n<meta property=\"og:title\" content=\"Reporte-general - C3\" \/>\n<meta property=\"og:description\" content=\"MML-08 Reporte General de Integraci\u00f3n Program\u00e1tica Presupuestal con Base en la Metodolog\u00eda de Marco L\u00f3gico 2026 MML08-M001 REPORTE GENERAL DE INTEGRACI\u00d3N PROGRAM\u00c1TICA CON BASE EN LA METODOLOG\u00cdA DE MARCO L\u00d3GICO MML08-G002 REPORTE GENERAL DE INTEGRACI\u00d3N PROGRAM\u00c1TICA CON BASE EN LA METODOLOG\u00cdA DE MARCO L\u00d3GICO 2025 MML08-M001 REPORTE GENERAL DE INTEGRACI\u00d3N PROGRAM\u00c1TICA CON BASE EN LA ... Leer m\u00e1s\" \/>\n<meta property=\"og:url\" content=\"https:\/\/c3.qroo.gob.mx\/index.php\/reporte-general\/\" \/>\n<meta property=\"og:site_name\" content=\"C3\" \/>\n<meta property=\"article:modified_time\" content=\"2026-02-10T18:44:41+00:00\" \/>\n<meta name=\"twitter:card\" content=\"summary_large_image\" \/>\n<meta name=\"twitter:label1\" content=\"Tiempo de lectura\" \/>\n\t<meta name=\"twitter:data1\" content=\"1 minuto\" \/>\n<script type=\"application\/ld+json\" class=\"yoast-schema-graph\">{\"@context\":\"https:\/\/schema.org\",\"@graph\":[{\"@type\":\"WebPage\",\"@id\":\"https:\/\/c3.qroo.gob.mx\/index.php\/reporte-general\/\",\"url\":\"https:\/\/c3.qroo.gob.mx\/index.php\/reporte-general\/\",\"name\":\"Reporte-general - C3\",\"isPartOf\":{\"@id\":\"https:\/\/c3.qroo.gob.mx\/#website\"},\"datePublished\":\"2025-06-09T16:32:42+00:00\",\"dateModified\":\"2026-02-10T18:44:41+00:00\",\"breadcrumb\":{\"@id\":\"https:\/\/c3.qroo.gob.mx\/index.php\/reporte-general\/#breadcrumb\"},\"inLanguage\":\"es\",\"potentialAction\":[{\"@type\":\"ReadAction\",\"target\":[\"https:\/\/c3.qroo.gob.mx\/index.php\/reporte-general\/\"]}]},{\"@type\":\"BreadcrumbList\",\"@id\":\"https:\/\/c3.qroo.gob.mx\/index.php\/reporte-general\/#breadcrumb\",\"itemListElement\":[{\"@type\":\"ListItem\",\"position\":1,\"name\":\"Inicio\",\"item\":\"https:\/\/c3.qroo.gob.mx\/\"},{\"@type\":\"ListItem\",\"position\":2,\"name\":\"Reporte-general\"}]},{\"@type\":\"WebSite\",\"@id\":\"https:\/\/c3.qroo.gob.mx\/#website\",\"url\":\"https:\/\/c3.qroo.gob.mx\/\",\"name\":\"C3\",\"description\":\"\",\"publisher\":{\"@id\":\"https:\/\/c3.qroo.gob.mx\/#organization\"},\"potentialAction\":[{\"@type\":\"SearchAction\",\"target\":{\"@type\":\"EntryPoint\",\"urlTemplate\":\"https:\/\/c3.qroo.gob.mx\/?s={search_term_string}\"},\"query-input\":{\"@type\":\"PropertyValueSpecification\",\"valueRequired\":true,\"valueName\":\"search_term_string\"}}],\"inLanguage\":\"es\"},{\"@type\":\"Organization\",\"@id\":\"https:\/\/c3.qroo.gob.mx\/#organization\",\"name\":\"C3\",\"url\":\"https:\/\/c3.qroo.gob.mx\/\",\"logo\":{\"@type\":\"ImageObject\",\"inLanguage\":\"es\",\"@id\":\"https:\/\/c3.qroo.gob.mx\/#\/schema\/logo\/image\/\",\"url\":\"https:\/\/c3.qroo.gob.mx\/wp-content\/uploads\/2025\/04\/ESCUDO-Q-C3_.png\",\"contentUrl\":\"https:\/\/c3.qroo.gob.mx\/wp-content\/uploads\/2025\/04\/ESCUDO-Q-C3_.png\",\"width\":1349,\"height\":576,\"caption\":\"C3\"},\"image\":{\"@id\":\"https:\/\/c3.qroo.gob.mx\/#\/schema\/logo\/image\/\"}}]}<\/script>\n<!-- \/ Yoast SEO plugin. -->","yoast_head_json":{"title":"Reporte-general - C3","robots":{"index":"index","follow":"follow","max-snippet":"max-snippet:-1","max-image-preview":"max-image-preview:large","max-video-preview":"max-video-preview:-1"},"canonical":"https:\/\/c3.qroo.gob.mx\/index.php\/reporte-general\/","og_locale":"es_MX","og_type":"article","og_title":"Reporte-general - C3","og_description":"MML-08 Reporte General de Integraci\u00f3n Program\u00e1tica Presupuestal con Base en la Metodolog\u00eda de Marco L\u00f3gico 2026 MML08-M001 REPORTE GENERAL DE INTEGRACI\u00d3N PROGRAM\u00c1TICA CON BASE EN LA METODOLOG\u00cdA DE MARCO L\u00d3GICO MML08-G002 REPORTE GENERAL DE INTEGRACI\u00d3N PROGRAM\u00c1TICA CON BASE EN LA METODOLOG\u00cdA DE MARCO L\u00d3GICO 2025 MML08-M001 REPORTE GENERAL DE INTEGRACI\u00d3N PROGRAM\u00c1TICA CON BASE EN LA ... Leer m\u00e1s","og_url":"https:\/\/c3.qroo.gob.mx\/index.php\/reporte-general\/","og_site_name":"C3","article_modified_time":"2026-02-10T18:44:41+00:00","twitter_card":"summary_large_image","twitter_misc":{"Tiempo de lectura":"1 minuto"},"schema":{"@context":"https:\/\/schema.org","@graph":[{"@type":"WebPage","@id":"https:\/\/c3.qroo.gob.mx\/index.php\/reporte-general\/","url":"https:\/\/c3.qroo.gob.mx\/index.php\/reporte-general\/","name":"Reporte-general - C3","isPartOf":{"@id":"https:\/\/c3.qroo.gob.mx\/#website"},"datePublished":"2025-06-09T16:32:42+00:00","dateModified":"2026-02-10T18:44:41+00:00","breadcrumb":{"@id":"https:\/\/c3.qroo.gob.mx\/index.php\/reporte-general\/#breadcrumb"},"inLanguage":"es","potentialAction":[{"@type":"ReadAction","target":["https:\/\/c3.qroo.gob.mx\/index.php\/reporte-general\/"]}]},{"@type":"BreadcrumbList","@id":"https:\/\/c3.qroo.gob.mx\/index.php\/reporte-general\/#breadcrumb","itemListElement":[{"@type":"ListItem","position":1,"name":"Inicio","item":"https:\/\/c3.qroo.gob.mx\/"},{"@type":"ListItem","position":2,"name":"Reporte-general"}]},{"@type":"WebSite","@id":"https:\/\/c3.qroo.gob.mx\/#website","url":"https:\/\/c3.qroo.gob.mx\/","name":"C3","description":"","publisher":{"@id":"https:\/\/c3.qroo.gob.mx\/#organization"},"potentialAction":[{"@type":"SearchAction","target":{"@type":"EntryPoint","urlTemplate":"https:\/\/c3.qroo.gob.mx\/?s={search_term_string}"},"query-input":{"@type":"PropertyValueSpecification","valueRequired":true,"valueName":"search_term_string"}}],"inLanguage":"es"},{"@type":"Organization","@id":"https:\/\/c3.qroo.gob.mx\/#organization","name":"C3","url":"https:\/\/c3.qroo.gob.mx\/","logo":{"@type":"ImageObject","inLanguage":"es","@id":"https:\/\/c3.qroo.gob.mx\/#\/schema\/logo\/image\/","url":"https:\/\/c3.qroo.gob.mx\/wp-content\/uploads\/2025\/04\/ESCUDO-Q-C3_.png","contentUrl":"https:\/\/c3.qroo.gob.mx\/wp-content\/uploads\/2025\/04\/ESCUDO-Q-C3_.png","width":1349,"height":576,"caption":"C3"},"image":{"@id":"https:\/\/c3.qroo.gob.mx\/#\/schema\/logo\/image\/"}}]}},"_links":{"self":[{"href":"https:\/\/c3.qroo.gob.mx\/index.php\/wp-json\/wp\/v2\/pages\/36454"}],"collection":[{"href":"https:\/\/c3.qroo.gob.mx\/index.php\/wp-json\/wp\/v2\/pages"}],"about":[{"href":"https:\/\/c3.qroo.gob.mx\/index.php\/wp-json\/wp\/v2\/types\/page"}],"author":[{"embeddable":true,"href":"https:\/\/c3.qroo.gob.mx\/index.php\/wp-json\/wp\/v2\/users\/5"}],"replies":[{"embeddable":true,"href":"https:\/\/c3.qroo.gob.mx\/index.php\/wp-json\/wp\/v2\/comments?post=36454"}],"version-history":[{"count":17,"href":"https:\/\/c3.qroo.gob.mx\/index.php\/wp-json\/wp\/v2\/pages\/36454\/revisions"}],"predecessor-version":[{"id":37312,"href":"https:\/\/c3.qroo.gob.mx\/index.php\/wp-json\/wp\/v2\/pages\/36454\/revisions\/37312"}],"wp:attachment":[{"href":"https:\/\/c3.qroo.gob.mx\/index.php\/wp-json\/wp\/v2\/media?parent=36454"}],"curies":[{"name":"wp","href":"https:\/\/api.w.org\/{rel}","templated":true}]}}