{"id":37563,"date":"2026-04-23T14:22:05","date_gmt":"2026-04-23T19:22:05","guid":{"rendered":"https:\/\/c3.qroo.gob.mx\/?page_id=37563"},"modified":"2026-04-24T09:59:32","modified_gmt":"2026-04-24T14:59:32","slug":"obligaciones","status":"publish","type":"page","link":"https:\/\/c3.qroo.gob.mx\/index.php\/obligaciones\/","title":{"rendered":"Obligaciones de Transparencia"},"content":{"rendered":"\t\t<div data-elementor-type=\"wp-page\" data-elementor-id=\"37563\" class=\"elementor elementor-37563\">\n\t\t\t\t<div class=\"elementor-element elementor-element-ad2bbd0 e-flex e-con-boxed e-con e-parent\" data-id=\"ad2bbd0\" data-element_type=\"container\">\n\t\t\t\t\t<div class=\"e-con-inner\">\n\t\t\t\t<div class=\"elementor-element elementor-element-0b0c0c8 elementor-widget elementor-widget-spacer\" data-id=\"0b0c0c8\" data-element_type=\"widget\" data-widget_type=\"spacer.default\">\n\t\t\t\t<div class=\"elementor-widget-container\">\n\t\t\t\t\t<div class=\"elementor-spacer\">\n\t\t\t<div class=\"elementor-spacer-inner\"><\/div>\n\t\t<\/div>\n\t\t\t\t<\/div>\n\t\t\t\t<\/div>\n\t\t\t\t<div class=\"elementor-element elementor-element-d09262f elementor-widget elementor-widget-heading\" data-id=\"d09262f\" data-element_type=\"widget\" data-widget_type=\"heading.default\">\n\t\t\t\t<div class=\"elementor-widget-container\">\n\t\t\t<h2 class=\"elementor-heading-title elementor-size-default\"><span><b>Obligaciones de Transparencia<\/b><\/span><\/h2>\t\t<\/div>\n\t\t\t\t<\/div>\n\t\t\t\t<div class=\"elementor-element elementor-element-13f6fef elementor-widget elementor-widget-spacer\" data-id=\"13f6fef\" data-element_type=\"widget\" data-widget_type=\"spacer.default\">\n\t\t\t\t<div class=\"elementor-widget-container\">\n\t\t\t\t\t<div class=\"elementor-spacer\">\n\t\t\t<div class=\"elementor-spacer-inner\"><\/div>\n\t\t<\/div>\n\t\t\t\t<\/div>\n\t\t\t\t<\/div>\n\t\t\t\t<div class=\"elementor-element elementor-element-e0c7bee elementor-widget elementor-widget-eael-adv-tabs\" data-id=\"e0c7bee\" data-element_type=\"widget\" data-widget_type=\"eael-adv-tabs.default\">\n\t\t\t\t<div class=\"elementor-widget-container\">\n\t\t\t        <div data-scroll-on-click=\"no\" data-scroll-speed=\"300\" id=\"eael-advance-tabs-e0c7bee\" class=\"eael-advance-tabs eael-tabs-horizontal eael-tab-auto-active \" data-tabid=\"e0c7bee\">\n            <div class=\"eael-tabs-nav\">\n                <ul class=\"eael-tab-inline-icon\" role=\"tablist\">\n                                            <li id=\"Fracciones\" class=\"inactive eael-tab-item-trigger eael-tab-nav-item\" aria-selected=\"true\" data-tab=\"1\" role=\"tab\" tabindex=\"0\" aria-controls=\"Fracciones-tab\" aria-expanded=\"false\">\n                            \n                                                        \n                                                            <span class=\"eael-tab-title title-after-icon\" >Fracciones comunes<\/span>                            \n                                                    <\/li>\n                                            <li id=\"Conservacion\" class=\"inactive eael-tab-item-trigger eael-tab-nav-item\" aria-selected=\"false\" data-tab=\"2\" role=\"tab\" tabindex=\"-1\" aria-controls=\"Conservacion-tab\" aria-expanded=\"false\">\n                            \n                                                        \n                                                            <span class=\"eael-tab-title title-after-icon\" >Tabla de Actualizaci\u00f3n y Conservaci\u00f3n<\/span>                            \n                                                    <\/li>\n                                            <li id=\"Aplicabilidad\" class=\"inactive eael-tab-item-trigger eael-tab-nav-item\" aria-selected=\"false\" data-tab=\"3\" role=\"tab\" tabindex=\"-1\" aria-controls=\"Aplicabilidad-tab\" aria-expanded=\"false\">\n                            \n                                                        \n                                                            <span class=\"eael-tab-title title-after-icon\" >Tabla de Aplicabilidad de las Obligaciones de Transparencia Comunes y Espec\u00edficas<\/span>                            \n                                                    <\/li>\n                                    <\/ul>\n            <\/div>\n            \n            <div class=\"eael-tabs-content\">\n\t\t        \n                    <div id=\"Fracciones-tab\" class=\"clearfix eael-tab-content-item inactive\" data-title-link=\"Fracciones-tab\">\n\t\t\t\t        <h3>Art\u00edculo 91<\/h3>\nLos sujetos obligados deber\u00e1n publicar en la Plataforma Nacional y en sus portales de internet, en forma permanente y actualizada, con acceso al p\u00fablico y mediante procesos inform\u00e1ticos sencillos y de f\u00e1cil comprensi\u00f3n, y de acuerdo con sus facultades, atribuciones, funciones u objeto social, seg\u00fan corresponda, la informaci\u00f3n de car\u00e1cter com\u00fan, por lo menos, de los temas, documentos y pol\u00edticas que a continuaci\u00f3n se se\u00f1alan:\n\n&nbsp;\n<table class=\"table table-hover apartados\" style=\"width: 100%; border-collapse: collapse; border=\"1\">\n<thead>\n<tr style=\"background-color: #f2f2f2; text-align: left;\">\n<th style=\"padding: 12px;\">Fracci\u00f3n<\/th>\n<th style=\"padding: 12px;\">T\u00edtulo<\/th>\n<th><\/th>\n<\/tr>\n<\/thead>\n<tbody>\n<tr>\n<td style=\"padding: 10px;\">I<\/td>\n<td style=\"padding: 10px;\">Normatividad aplicable<\/td>\n<td><\/td>\n<\/tr>\n<tr>\n<td style=\"padding: 10px;\">II<\/td>\n<td style=\"padding: 10px;\">Estructura Org\u00e1nica \/ Organigrama<\/td>\n<td><\/td>\n<\/tr>\n<tr>\n<td style=\"padding: 10px;\">III<\/td>\n<td style=\"padding: 10px;\">Facultades de cada \u00e1rea<\/td>\n<td><\/td>\n<\/tr>\n<tr>\n<td style=\"padding: 10px;\">IV<\/td>\n<td style=\"padding: 10px;\">Objetivos y metas institucionales<\/td>\n<td><\/td>\n<\/tr>\n<tr>\n<td style=\"padding: 10px;\">V<\/td>\n<td style=\"padding: 10px;\">Indicadores de inter\u00e9s p\u00fablico<\/td>\n<td><\/td>\n<\/tr>\n<tr>\n<td style=\"padding: 10px;\">VI<\/td>\n<td style=\"padding: 10px;\">Indicadores de resultados<\/td>\n<td><\/td>\n<\/tr>\n<tr>\n<td style=\"padding: 10px;\">VII<\/td>\n<td style=\"padding: 10px;\">Directorio<\/td>\n<td><\/td>\n<\/tr>\n<tr>\n<td style=\"padding: 10px;\">VIII<\/td>\n<td style=\"padding: 10px;\">Remuneraci\u00f3n bruta y neta \/ Tabulador de sueldos<\/td>\n<td><\/td>\n<\/tr>\n<tr>\n<td style=\"padding: 10px;\">IX<\/td>\n<td style=\"padding: 10px;\">Gastos por concepto de vi\u00e1ticos y representaci\u00f3n<\/td>\n<td><\/td>\n<\/tr>\n<tr>\n<td style=\"padding: 10px;\">X<\/td>\n<td style=\"padding: 10px;\">Plazas vacantes y ocupadas (Personal de base y confianza)<\/td>\n<td><\/td>\n<\/tr>\n<tr>\n<td style=\"padding: 10px;\">XI<\/td>\n<td style=\"padding: 10px;\">Personal contratado por honorarios<\/td>\n<td><\/td>\n<\/tr>\n<tr>\n<td style=\"padding: 10px;\">XIII<\/td>\n<td style=\"padding: 10px;\">Unidad de Transparencia (UT)<\/td>\n<td><\/td>\n<\/tr>\n<tr>\n<td style=\"padding: 10px;\">XVI<\/td>\n<td style=\"padding: 10px;\">Condiciones generales de trabajo y sindicatos<\/td>\n<td><\/td>\n<\/tr>\n<tr>\n<td style=\"padding: 10px;\">XVII<\/td>\n<td style=\"padding: 10px;\">Informaci\u00f3n curricular y sanciones administrativas<\/td>\n<td><\/td>\n<\/tr>\n<tr>\n<td style=\"padding: 10px;\">XVIII<\/td>\n<td style=\"padding: 10px;\">Sanciones administrativas a los(as) servidores(as)<\/td>\n<td><\/td>\n<\/tr>\n<tr>\n<td style=\"padding: 10px;\">XIX<\/td>\n<td style=\"padding: 10px;\">Servicios ofrecidos<\/td>\n<td><\/td>\n<\/tr>\n<tr>\n<td style=\"padding: 10px;\">XXI<\/td>\n<td style=\"padding: 10px;\">Presupuesto asignado \/ Cuenta p\u00fablica \/ Egresos<\/td>\n<td><\/td>\n<\/tr>\n<tr>\n<td style=\"padding: 10px;\">XXIII<\/td>\n<td style=\"padding: 10px;\">Gastos de publicidad oficial y Comunicaci\u00f3n Social<\/td>\n<td><\/td>\n<\/tr>\n<tr>\n<td style=\"padding: 10px;\">XXV<\/td>\n<td style=\"padding: 10px;\">Resultados de la dictaminaci\u00f3n de los estados financieros<\/td>\n<td><\/td>\n<\/tr>\n<tr>\n<td style=\"padding: 10px;\">XXIX<\/td>\n<td style=\"padding: 10px;\">Informes emitidos<\/td>\n<td><\/td>\n<\/tr>\n<tr>\n<td style=\"padding: 10px;\">XXX<\/td>\n<td style=\"padding: 10px;\">Estad\u00edsticas generadas<\/td>\n<td><\/td>\n<\/tr>\n<tr>\n<td style=\"padding: 10px;\">XXXI<\/td>\n<td style=\"padding: 10px;\">Informe financiero y gasto por cap\u00edtulo\/partida<\/td>\n<td><\/td>\n<\/tr>\n<tr>\n<td style=\"padding: 10px;\">XXXIII<\/td>\n<td style=\"padding: 10px;\">Convenios de coordinaci\u00f3n y concertaci\u00f3n<\/td>\n<td><\/td>\n<\/tr>\n<tr>\n<td style=\"padding: 10px;\">XXXIV<\/td>\n<td style=\"padding: 10px;\">Inventario de bienes muebles e inmuebles (Altas y Bajas)<\/td>\n<td><\/td>\n<\/tr>\n<tr>\n<td style=\"padding: 10px;\">XXXV<\/td>\n<td style=\"padding: 10px;\">Recomendaciones de organismos de Derechos Humanos<\/td>\n<td><\/td>\n<\/tr>\n<tr>\n<td style=\"padding: 10px;\">XXXVII<\/td>\n<td style=\"padding: 10px;\">Mecanismos y resultados de participaci\u00f3n ciudadana<\/td>\n<td><\/td>\n<\/tr>\n<tr>\n<td style=\"padding: 10px;\">XXXIX<\/td>\n<td style=\"padding: 10px;\">Actas, resoluciones y miembros del Comit\u00e9 de Transparencia<\/td>\n<td><\/td>\n<\/tr>\n<tr>\n<td style=\"padding: 10px;\">XLII<\/td>\n<td style=\"padding: 10px;\">Listado de jubilados y pensionados y montos recibidos<\/td>\n<td><\/td>\n<\/tr>\n<tr>\n<td style=\"padding: 10px;\">XLVI<\/td>\n<td style=\"padding: 10px;\">Actas y recomendaciones del Consejo Consultivo<\/td>\n<td><\/td>\n<\/tr>\n<tr>\n<td style=\"padding: 10px;\">L<\/td>\n<td style=\"padding: 10px;\">Informaci\u00f3n de inter\u00e9s p\u00fablico \/ Transparencia proactiva<\/td>\n<td><\/td>\n<\/tr>\n<tr>\n<td style=\"padding: 10px;\">XLI<\/td>\n<td style=\"padding: 10px;\">Estudios financiados con recursos p\u00fablicos<\/td>\n<td><\/td>\n<\/tr>\n<tr>\n<td style=\"padding: 10px;\">XLV<\/td>\n<td style=\"padding: 10px;\">Instrumentos archiv\u00edsticos y cat\u00e1logo documental<\/td>\n<td><\/td>\n<\/tr>\n<tr>\n<td style=\"padding: 10px;\">XXVIII-a<\/td>\n<td style=\"padding: 10px;\">Licitaci\u00f3n p\u00fablica e invitaci\u00f3n a tres personas<\/td>\n<td><\/td>\n<\/tr>\n<tr>\n<td style=\"padding: 10px;\">XXVIII-b<\/td>\n<td style=\"padding: 10px;\">Procedimientos de adjudicaci\u00f3n directa<\/td>\n<td><\/td>\n<\/tr>\n<\/tbody>\n<\/table>\n&nbsp;                    <\/div>\n\t\t        \n                    <div id=\"Conservacion-tab\" class=\"clearfix eael-tab-content-item inactive\" data-title-link=\"Conservacion-tab\">\n\t\t\t\t        <div class=\"elementor-element elementor-element-db64b81 eael-table-align-center eael-dt-th-align-left elementor-widget elementor-widget-eael-data-table\" data-id=\"db64b81\" data-element_type=\"widget\" data-widget_type=\"eael-data-table.default\">\n\t\t\t\t<div class=\"elementor-widget-container\">\n\t\t\t\t\t<div class=\"eael-data-table-wrap\" data-table_id=\"db64b81\" id=\"eael-data-table-wrapper-db64b81\" data-custom_responsive=\"false\">\n\t\t\t<table class=\"tablesorter eael-data-table center\" id=\"eael-data-table-db64b81\">\n\t\t\t    \n\t\t\t  \t<tbody>\n\t\t\t\t\t\t\t\t\t\t\t<tr>\n\t\t\t\t\t\t\t\t\t\t\t\t\t\t\t\t   \t\t\t\t\t\t\t\t\t\t\t<td colspan=\"\" rowspan=\"\" class=\"\" id=\"\">\n\t\t\t\t\t\t\t\t\t\t\t\t<div class=\"td-content-wrapper\"><div class=\"td-content\">Tabla de actualizaci\u00f3n y conservaci\u00f3n<\/div><\/div>\n\t\t\t\t\t\t\t\t\t\t\t<\/td>\n\t\t\t\t\t\t\t\t\t\t\t\t\t\t\t\t\t\t\t\t\t\t\t\t\t\t\t\t\t   \t\t\t\t\t\t\t\t\t\t\t<td colspan=\"\" rowspan=\"\" class=\"\" id=\"\">\n\t\t\t\t\t\t\t\t\t\t\t\t<div class=\"td-content-wrapper\"><div class=\"td-content\"><a href=\"https:\/\/c3.qroo.gob.mx\/wp-content\/uploads\/2026\/04\/TABLA-CENTRO-ESTATAL-DE-EVALUACION-Y-CONTROL-DE-CONFIANZA.pdf\"><button><i class=\"far fa-file-pdf\"><\/i><\/button><\/a><\/div><\/div>\n\t\t\t\t\t\t\t\t\t\t\t<\/td>\n\t\t\t\t\t\t\t\t\t\t\t\t\t\t\t\t\t\t\t\t\t\t\t\t\t\t\t\t\t   \t\t\t\t\t\t\t\t\t\t\t<td colspan=\"\" rowspan=\"\" class=\"\" id=\"\">\n\t\t\t\t\t\t\t\t\t\t\t\t<div class=\"td-content-wrapper\"><div class=\"td-content\"><\/div><\/div>\n\t\t\t\t\t\t\t\t\t\t\t<\/td>\n\t\t\t\t\t\t\t\t\t\t\t\t\t\t\t\t\t\t\t\t\t\t\t\t\t\t<\/tr>\n\t\t\t        \t\t\t    <\/tbody>\n\t\t\t<\/table>\n\t\t<\/div>\n\t  \t\t\t<\/div>\n\t\t\t\t<\/div>                    <\/div>\n\t\t        \n                    <div id=\"Aplicabilidad-tab\" class=\"clearfix eael-tab-content-item inactive\" data-title-link=\"Aplicabilidad-tab\">\n\t\t\t\t        <div class=\"elementor-element elementor-element-7b60d6c eael-table-align-center eael-dt-th-align-left elementor-widget elementor-widget-eael-data-table\" data-id=\"7b60d6c\" data-element_type=\"widget\" data-widget_type=\"eael-data-table.default\">\n\t\t\t\t<div class=\"elementor-widget-container\">\n\t\t\t\t\t<div class=\"eael-data-table-wrap\" data-table_id=\"7b60d6c\" id=\"eael-data-table-wrapper-7b60d6c\" data-custom_responsive=\"false\">\n\t\t\t<table class=\"tablesorter eael-data-table center\" id=\"eael-data-table-7b60d6c\">\n\t\t\t    \n\t\t\t  \t<tbody>\n\t\t\t\t\t\t\t\t\t\t\t<tr>\n\t\t\t\t\t\t\t\t\t\t\t\t\t\t\t\t   \t\t\t\t\t\t\t\t\t\t\t<td colspan=\"\" rowspan=\"\" class=\"\" id=\"\">\n\t\t\t\t\t\t\t\t\t\t\t\t<div class=\"td-content-wrapper\"><div class=\"td-content\">Tabla de Aplicabilidad de las Obligaciones de Transparencia Comunes y Espec\u00edficas<\/div><\/div>\n\t\t\t\t\t\t\t\t\t\t\t<\/td>\n\t\t\t\t\t\t\t\t\t\t\t\t\t\t\t\t\t\t\t\t\t\t\t\t\t\t\t\t\t   \t\t\t\t\t\t\t\t\t\t\t<td colspan=\"\" rowspan=\"\" class=\"\" id=\"\">\n\t\t\t\t\t\t\t\t\t\t\t\t<div class=\"td-content-wrapper\"><div class=\"td-content\"><a href=\"https:\/\/c3.qroo.gob.mx\/wp-content\/uploads\/2026\/04\/centro_estatal_evaluacion_y_control_confianza.pdf\"><button><i class=\"far fa-file-pdf\"><\/i><\/button><\/a><\/div><\/div>\n\t\t\t\t\t\t\t\t\t\t\t<\/td>\n\t\t\t\t\t\t\t\t\t\t\t\t\t\t\t\t\t\t\t\t\t\t\t\t\t\t\t\t\t   \t\t\t\t\t\t\t\t\t\t\t<td colspan=\"\" rowspan=\"\" class=\"\" id=\"\">\n\t\t\t\t\t\t\t\t\t\t\t\t<div class=\"td-content-wrapper\"><div class=\"td-content\"><\/div><\/div>\n\t\t\t\t\t\t\t\t\t\t\t<\/td>\n\t\t\t\t\t\t\t\t\t\t\t\t\t\t\t\t\t\t\t\t\t\t\t\t\t\t<\/tr>\n\t\t\t        \t\t\t    <\/tbody>\n\t\t\t<\/table>\n\t\t<\/div>\n\t  \t\t\t<\/div>\n\t\t\t\t<\/div>                    <\/div>\n\t\t                    <\/div>\n        <\/div>\n\t\t<\/div>\n\t\t\t\t<\/div>\n\t\t\t\t<div class=\"elementor-element elementor-element-b2b0c49 elementor-widget elementor-widget-spacer\" data-id=\"b2b0c49\" data-element_type=\"widget\" data-widget_type=\"spacer.default\">\n\t\t\t\t<div class=\"elementor-widget-container\">\n\t\t\t\t\t<div class=\"elementor-spacer\">\n\t\t\t<div class=\"elementor-spacer-inner\"><\/div>\n\t\t<\/div>\n\t\t\t\t<\/div>\n\t\t\t\t<\/div>\n\t\t\t\t\t<\/div>\n\t\t\t\t<\/div>\n\t\t\t\t<\/div>\n\t\t","protected":false},"excerpt":{"rendered":"<p>Obligaciones de Transparencia Fracciones comunes Tabla de Actualizaci\u00f3n y Conservaci\u00f3n Tabla de Aplicabilidad de las Obligaciones de Transparencia Comunes y Espec\u00edficas Art\u00edculo 91 Los sujetos obligados deber\u00e1n publicar en la Plataforma Nacional y en sus portales de internet, en forma permanente y actualizada, con acceso al p\u00fablico y mediante procesos inform\u00e1ticos sencillos y de f\u00e1cil &#8230; <a title=\"Obligaciones de Transparencia\" class=\"read-more\" href=\"https:\/\/c3.qroo.gob.mx\/index.php\/obligaciones\/\" aria-label=\"Leer m\u00e1s sobre Obligaciones de Transparencia\">Leer m\u00e1s<\/a><\/p>\n","protected":false},"author":5,"featured_media":0,"parent":0,"menu_order":0,"comment_status":"closed","ping_status":"closed","template":"","meta":{"footnotes":""},"class_list":["post-37563","page","type-page","status-publish"],"yoast_head":"<!-- This site is optimized with the Yoast SEO plugin v23.6 - https:\/\/yoast.com\/wordpress\/plugins\/seo\/ -->\n<title>Obligaciones de Transparencia - C3<\/title>\n<meta name=\"robots\" content=\"index, follow, max-snippet:-1, max-image-preview:large, max-video-preview:-1\" \/>\n<link rel=\"canonical\" href=\"https:\/\/c3.qroo.gob.mx\/index.php\/obligaciones\/\" \/>\n<meta property=\"og:locale\" content=\"es_MX\" \/>\n<meta property=\"og:type\" content=\"article\" \/>\n<meta property=\"og:title\" content=\"Obligaciones de Transparencia - C3\" \/>\n<meta property=\"og:description\" content=\"Obligaciones de Transparencia Fracciones comunes Tabla de Actualizaci\u00f3n y Conservaci\u00f3n Tabla de Aplicabilidad de las Obligaciones de Transparencia Comunes y Espec\u00edficas Art\u00edculo 91 Los sujetos obligados deber\u00e1n publicar en la Plataforma Nacional y en sus portales de internet, en forma permanente y actualizada, con acceso al p\u00fablico y mediante procesos inform\u00e1ticos sencillos y de f\u00e1cil ... Leer m\u00e1s\" \/>\n<meta property=\"og:url\" content=\"https:\/\/c3.qroo.gob.mx\/index.php\/obligaciones\/\" \/>\n<meta property=\"og:site_name\" content=\"C3\" \/>\n<meta property=\"article:modified_time\" content=\"2026-04-24T14:59:32+00:00\" \/>\n<meta name=\"twitter:card\" content=\"summary_large_image\" \/>\n<meta name=\"twitter:label1\" content=\"Tiempo de lectura\" \/>\n\t<meta name=\"twitter:data1\" content=\"2 minutos\" \/>\n<script type=\"application\/ld+json\" class=\"yoast-schema-graph\">{\"@context\":\"https:\/\/schema.org\",\"@graph\":[{\"@type\":\"WebPage\",\"@id\":\"https:\/\/c3.qroo.gob.mx\/index.php\/obligaciones\/\",\"url\":\"https:\/\/c3.qroo.gob.mx\/index.php\/obligaciones\/\",\"name\":\"Obligaciones de Transparencia - C3\",\"isPartOf\":{\"@id\":\"https:\/\/c3.qroo.gob.mx\/#website\"},\"datePublished\":\"2026-04-23T19:22:05+00:00\",\"dateModified\":\"2026-04-24T14:59:32+00:00\",\"breadcrumb\":{\"@id\":\"https:\/\/c3.qroo.gob.mx\/index.php\/obligaciones\/#breadcrumb\"},\"inLanguage\":\"es\",\"potentialAction\":[{\"@type\":\"ReadAction\",\"target\":[\"https:\/\/c3.qroo.gob.mx\/index.php\/obligaciones\/\"]}]},{\"@type\":\"BreadcrumbList\",\"@id\":\"https:\/\/c3.qroo.gob.mx\/index.php\/obligaciones\/#breadcrumb\",\"itemListElement\":[{\"@type\":\"ListItem\",\"position\":1,\"name\":\"Inicio\",\"item\":\"https:\/\/c3.qroo.gob.mx\/\"},{\"@type\":\"ListItem\",\"position\":2,\"name\":\"Obligaciones de Transparencia\"}]},{\"@type\":\"WebSite\",\"@id\":\"https:\/\/c3.qroo.gob.mx\/#website\",\"url\":\"https:\/\/c3.qroo.gob.mx\/\",\"name\":\"C3\",\"description\":\"\",\"publisher\":{\"@id\":\"https:\/\/c3.qroo.gob.mx\/#organization\"},\"potentialAction\":[{\"@type\":\"SearchAction\",\"target\":{\"@type\":\"EntryPoint\",\"urlTemplate\":\"https:\/\/c3.qroo.gob.mx\/?s={search_term_string}\"},\"query-input\":{\"@type\":\"PropertyValueSpecification\",\"valueRequired\":true,\"valueName\":\"search_term_string\"}}],\"inLanguage\":\"es\"},{\"@type\":\"Organization\",\"@id\":\"https:\/\/c3.qroo.gob.mx\/#organization\",\"name\":\"C3\",\"url\":\"https:\/\/c3.qroo.gob.mx\/\",\"logo\":{\"@type\":\"ImageObject\",\"inLanguage\":\"es\",\"@id\":\"https:\/\/c3.qroo.gob.mx\/#\/schema\/logo\/image\/\",\"url\":\"https:\/\/c3.qroo.gob.mx\/wp-content\/uploads\/2025\/04\/ESCUDO-Q-C3_.png\",\"contentUrl\":\"https:\/\/c3.qroo.gob.mx\/wp-content\/uploads\/2025\/04\/ESCUDO-Q-C3_.png\",\"width\":1349,\"height\":576,\"caption\":\"C3\"},\"image\":{\"@id\":\"https:\/\/c3.qroo.gob.mx\/#\/schema\/logo\/image\/\"}}]}<\/script>\n<!-- \/ Yoast SEO plugin. -->","yoast_head_json":{"title":"Obligaciones de Transparencia - C3","robots":{"index":"index","follow":"follow","max-snippet":"max-snippet:-1","max-image-preview":"max-image-preview:large","max-video-preview":"max-video-preview:-1"},"canonical":"https:\/\/c3.qroo.gob.mx\/index.php\/obligaciones\/","og_locale":"es_MX","og_type":"article","og_title":"Obligaciones de Transparencia - C3","og_description":"Obligaciones de Transparencia Fracciones comunes Tabla de Actualizaci\u00f3n y Conservaci\u00f3n Tabla de Aplicabilidad de las Obligaciones de Transparencia Comunes y Espec\u00edficas Art\u00edculo 91 Los sujetos obligados deber\u00e1n publicar en la Plataforma Nacional y en sus portales de internet, en forma permanente y actualizada, con acceso al p\u00fablico y mediante procesos inform\u00e1ticos sencillos y de f\u00e1cil ... Leer m\u00e1s","og_url":"https:\/\/c3.qroo.gob.mx\/index.php\/obligaciones\/","og_site_name":"C3","article_modified_time":"2026-04-24T14:59:32+00:00","twitter_card":"summary_large_image","twitter_misc":{"Tiempo de lectura":"2 minutos"},"schema":{"@context":"https:\/\/schema.org","@graph":[{"@type":"WebPage","@id":"https:\/\/c3.qroo.gob.mx\/index.php\/obligaciones\/","url":"https:\/\/c3.qroo.gob.mx\/index.php\/obligaciones\/","name":"Obligaciones de Transparencia - C3","isPartOf":{"@id":"https:\/\/c3.qroo.gob.mx\/#website"},"datePublished":"2026-04-23T19:22:05+00:00","dateModified":"2026-04-24T14:59:32+00:00","breadcrumb":{"@id":"https:\/\/c3.qroo.gob.mx\/index.php\/obligaciones\/#breadcrumb"},"inLanguage":"es","potentialAction":[{"@type":"ReadAction","target":["https:\/\/c3.qroo.gob.mx\/index.php\/obligaciones\/"]}]},{"@type":"BreadcrumbList","@id":"https:\/\/c3.qroo.gob.mx\/index.php\/obligaciones\/#breadcrumb","itemListElement":[{"@type":"ListItem","position":1,"name":"Inicio","item":"https:\/\/c3.qroo.gob.mx\/"},{"@type":"ListItem","position":2,"name":"Obligaciones de Transparencia"}]},{"@type":"WebSite","@id":"https:\/\/c3.qroo.gob.mx\/#website","url":"https:\/\/c3.qroo.gob.mx\/","name":"C3","description":"","publisher":{"@id":"https:\/\/c3.qroo.gob.mx\/#organization"},"potentialAction":[{"@type":"SearchAction","target":{"@type":"EntryPoint","urlTemplate":"https:\/\/c3.qroo.gob.mx\/?s={search_term_string}"},"query-input":{"@type":"PropertyValueSpecification","valueRequired":true,"valueName":"search_term_string"}}],"inLanguage":"es"},{"@type":"Organization","@id":"https:\/\/c3.qroo.gob.mx\/#organization","name":"C3","url":"https:\/\/c3.qroo.gob.mx\/","logo":{"@type":"ImageObject","inLanguage":"es","@id":"https:\/\/c3.qroo.gob.mx\/#\/schema\/logo\/image\/","url":"https:\/\/c3.qroo.gob.mx\/wp-content\/uploads\/2025\/04\/ESCUDO-Q-C3_.png","contentUrl":"https:\/\/c3.qroo.gob.mx\/wp-content\/uploads\/2025\/04\/ESCUDO-Q-C3_.png","width":1349,"height":576,"caption":"C3"},"image":{"@id":"https:\/\/c3.qroo.gob.mx\/#\/schema\/logo\/image\/"}}]}},"_links":{"self":[{"href":"https:\/\/c3.qroo.gob.mx\/index.php\/wp-json\/wp\/v2\/pages\/37563"}],"collection":[{"href":"https:\/\/c3.qroo.gob.mx\/index.php\/wp-json\/wp\/v2\/pages"}],"about":[{"href":"https:\/\/c3.qroo.gob.mx\/index.php\/wp-json\/wp\/v2\/types\/page"}],"author":[{"embeddable":true,"href":"https:\/\/c3.qroo.gob.mx\/index.php\/wp-json\/wp\/v2\/users\/5"}],"replies":[{"embeddable":true,"href":"https:\/\/c3.qroo.gob.mx\/index.php\/wp-json\/wp\/v2\/comments?post=37563"}],"version-history":[{"count":59,"href":"https:\/\/c3.qroo.gob.mx\/index.php\/wp-json\/wp\/v2\/pages\/37563\/revisions"}],"predecessor-version":[{"id":37638,"href":"https:\/\/c3.qroo.gob.mx\/index.php\/wp-json\/wp\/v2\/pages\/37563\/revisions\/37638"}],"wp:attachment":[{"href":"https:\/\/c3.qroo.gob.mx\/index.php\/wp-json\/wp\/v2\/media?parent=37563"}],"curies":[{"name":"wp","href":"https:\/\/api.w.org\/{rel}","templated":true}]}}